{"id":6936,"date":"2024-05-13T12:50:16","date_gmt":"2024-05-13T10:50:16","guid":{"rendered":"https:\/\/www.brasseurs-air-re2020.com\/wer-sind-wir\/"},"modified":"2024-06-10T15:26:13","modified_gmt":"2024-06-10T13:26:13","slug":"wer-sind-wir","status":"publish","type":"page","link":"https:\/\/www.brasseurs-air-re2020.com\/de\/wer-sind-wir\/","title":{"rendered":"Wer sind wir?"},"content":{"rendered":"<p>[et_pb_section fb_built=&#8221;1&#8243; admin_label=&#8221;section&#8221; _builder_version=&#8221;4.16&#8243; background_color=&#8221;#242424&#8243; custom_padding=&#8221;0px||0px||false|false&#8221; global_colors_info=&#8221;{}&#8221;][et_pb_row admin_label=&#8221;row&#8221; _builder_version=&#8221;4.16&#8243; background_size=&#8221;initial&#8221; background_position=&#8221;top_left&#8221; background_repeat=&#8221;repeat&#8221; custom_padding=&#8221;8px||6px||false|false&#8221; global_colors_info=&#8221;{}&#8221;][et_pb_column type=&#8221;4_4&#8243; _builder_version=&#8221;4.16&#8243; custom_padding=&#8221;|||&#8221; global_colors_info=&#8221;{}&#8221; custom_padding__hover=&#8221;|||&#8221;][et_pb_text _builder_version=&#8221;4.16&#8243; _module_preset=&#8221;default&#8221; text_text_color=&#8221;#FFFFFF&#8221; header_text_color=&#8221;#FFFFFF&#8221; header_font_size=&#8221;45px&#8221; text_orientation=&#8221;center&#8221; global_colors_info=&#8221;{}&#8221;]<\/p>\n<h1>Wer sind wir?<\/h1>\n<p>[\/et_pb_text][\/et_pb_column][\/et_pb_row][\/et_pb_section][et_pb_section fb_built=&#8221;1&#8243; admin_label=&#8221;section&#8221; _builder_version=&#8221;4.16&#8243; background_enable_color=&#8221;off&#8221; custom_margin=&#8221;||||false|false&#8221; custom_padding=&#8221;||||false|false&#8221; global_colors_info=&#8221;{}&#8221;][et_pb_row _builder_version=&#8221;4.16&#8243; _module_preset=&#8221;default&#8221; background_size=&#8221;initial&#8221; background_position=&#8221;top_left&#8221; background_repeat=&#8221;repeat&#8221; custom_padding=&#8221;||||false|false&#8221; global_colors_info=&#8221;{}&#8221;][et_pb_column type=&#8221;4_4&#8243; _builder_version=&#8221;4.16&#8243; _module_preset=&#8221;default&#8221; global_colors_info=&#8221;{}&#8221;][et_pb_text _builder_version=&#8221;4.23.4&#8243; _module_preset=&#8221;default&#8221; header_2_line_height=&#8221;1.7em&#8221; locked=&#8221;off&#8221; global_colors_info=&#8221;{}&#8221;]<\/p>\n<p>Wir sind seit 2016 Hersteller und Vertreiber von <a href=\"https:\/\/www.exhale-fans.com\/\" target=\"_blank\" rel=\"noopener\">Exhale<\/a>-Deckenventilatoren \/ schaufellosen Luftumw\u00e4lzern in Europa und f\u00fcr unsere sehr hohen Anforderungen an Servicequalit\u00e4t und Kundenzufriedenheit bekannt (siehe <a href=\"https:\/\/www.brasseurs-air-re2020.com\/de\/exhale\/#avis\">Erfahrungsberichte hier<\/a>).<br \/>Nach denselben Leitlinien bieten wir auch eine Reihe von Luftzerst\u00e4ubern mit Schaufeln (Samarat, Izyfan, HVLS) an, mit denen alle Anforderungen der RE2020 erf\u00fcllt werden k\u00f6nnen (Gewinne in Gradstunden, Deckenh\u00f6he, Akustik&#8230;).<\/p>\n<p>Unser Team arbeitet mit den verschiedenen Marktakteuren (Planungsb\u00fcros, Architekten, Verb\u00e4nde, Dienstleistungssektor, Mehrfamilienh\u00e4user, Eigenheimbauer, Kommunen) zusammen, um angepasste und leistungsf\u00e4hige L\u00f6sungen im Zusammenhang mit der RE2020-Norm anzubieten.<\/p>\n<p>Z\u00f6gern Sie nicht, uns zu kontaktieren, um sich mit uns \u00fcber Ihre Probleme und die L\u00f6sungen, die wir dazu anbieten k\u00f6nnen, auszutauschen.<\/p>\n<p>[\/et_pb_text][\/et_pb_column][\/et_pb_row][et_pb_row column_structure=&#8221;1_2,1_2&#8243; _builder_version=&#8221;4.16&#8243; _module_preset=&#8221;default&#8221; background_size=&#8221;initial&#8221; background_position=&#8221;top_left&#8221; background_repeat=&#8221;repeat&#8221; custom_margin=&#8221;||||false|false&#8221; custom_padding=&#8221;5px||||false|false&#8221; global_colors_info=&#8221;{}&#8221;][et_pb_column type=&#8221;1_2&#8243; _builder_version=&#8221;4.16&#8243; _module_preset=&#8221;default&#8221; global_colors_info=&#8221;{}&#8221;][et_pb_button button_url=&#8221;@ET-DC@eyJkeW5hbWljIjp0cnVlLCJjb250ZW50IjoicG9zdF9saW5rX3VybF9wYWdlIiwic2V0dGluZ3MiOnsicG9zdF9pZCI6IjU4In19@&#8221; button_text=&#8221;Kontaktieren Sie uns&#8221; button_alignment=&#8221;center&#8221; _builder_version=&#8221;4.16&#8243; _dynamic_attributes=&#8221;button_url&#8221; _module_preset=&#8221;default&#8221; custom_button=&#8221;on&#8221; button_text_size=&#8221;16px&#8221; button_text_color=&#8221;#FFFFFF&#8221; button_bg_color=&#8221;#015788&#8243; button_border_width=&#8221;0px&#8221; button_border_radius=&#8221;0px&#8221; button_letter_spacing=&#8221;1px&#8221; button_font=&#8221;|600||on|||||&#8221; custom_margin=&#8221;5px||20px||false|false&#8221; custom_padding=&#8221;10px|30px|10px|20px|true|false&#8221; saved_tabs=&#8221;all&#8221; locked=&#8221;off&#8221; global_colors_info=&#8221;{%22gcid-93af2058-a512-4f99-b20c-ff5335d6c808%22:%91%22button_bg_color%22%93}&#8221;][\/et_pb_button][\/et_pb_column][et_pb_column type=&#8221;1_2&#8243; _builder_version=&#8221;4.16&#8243; _module_preset=&#8221;default&#8221; global_colors_info=&#8221;{}&#8221;][et_pb_button button_url=&#8221;@ET-DC@eyJkeW5hbWljIjp0cnVlLCJjb250ZW50IjoicG9zdF9saW5rX3VybF9wYWdlIiwic2V0dGluZ3MiOnsicG9zdF9pZCI6IjY5In19@&#8221; button_text=&#8221;Zugang zum Profi-Bereich&#8221; button_alignment=&#8221;center&#8221; _builder_version=&#8221;4.10.8&#8243; _dynamic_attributes=&#8221;button_url&#8221; _module_preset=&#8221;default&#8221; custom_button=&#8221;on&#8221; button_text_size=&#8221;16px&#8221; button_text_color=&#8221;#FFFFFF&#8221; button_bg_color=&#8221;gcid-93af2058-a512-4f99-b20c-ff5335d6c808&#8243; button_border_width=&#8221;0px&#8221; button_border_radius=&#8221;0px&#8221; button_letter_spacing=&#8221;1px&#8221; button_font=&#8221;|600||on|||||&#8221; custom_margin=&#8221;5px||20px||false|false&#8221; custom_padding=&#8221;10px|30px|10px|20px|true|false&#8221; global_module=&#8221;167&#8243; saved_tabs=&#8221;all&#8221; locked=&#8221;off&#8221; global_colors_info=&#8221;{%22gcid-93af2058-a512-4f99-b20c-ff5335d6c808%22:%91%22button_bg_color%22%93}&#8221;][\/et_pb_button][\/et_pb_column][\/et_pb_row][et_pb_row _builder_version=&#8221;4.16&#8243; _module_preset=&#8221;default&#8221; background_size=&#8221;initial&#8221; background_position=&#8221;top_left&#8221; background_repeat=&#8221;repeat&#8221; custom_padding=&#8221;16px|15px|16px|15px|true|true&#8221; border_width_all=&#8221;1px&#8221; global_colors_info=&#8221;{}&#8221;][et_pb_column type=&#8221;4_4&#8243; _builder_version=&#8221;4.16&#8243; _module_preset=&#8221;default&#8221; global_colors_info=&#8221;{}&#8221;][et_pb_text _builder_version=&#8221;4.16&#8243; _module_preset=&#8221;default&#8221; header_2_line_height=&#8221;1.7em&#8221; custom_margin=&#8221;||0px||false|false&#8221; custom_padding=&#8221;||||false|false&#8221; locked=&#8221;off&#8221; global_colors_info=&#8221;{}&#8221;]<\/p>\n<h2>IACVF-Konferenz (auf Franz\u00f6sisch)<\/h2>\n<p>[\/et_pb_text][et_pb_video src=&#8221;https:\/\/www.youtube.com\/watch?v=EfGO6LdZXfg&#8221; src_webm=&#8221;https:\/\/www.youtube.com\/watch?v=EfGO6LdZXfg&#8221; _builder_version=&#8221;4.23.4&#8243; _module_preset=&#8221;default&#8221; hover_enabled=&#8221;0&#8243; global_colors_info=&#8221;{}&#8221; sticky_enabled=&#8221;0&#8243;][\/et_pb_video][\/et_pb_column][\/et_pb_row][\/et_pb_section]<\/p>\n","protected":false},"excerpt":{"rendered":"<p>Wer sind wir?Wir sind seit 2016 Hersteller und Vertreiber von Exhale-Deckenventilatoren \/ schaufellosen Luftumw\u00e4lzern in Europa und f\u00fcr unsere sehr hohen Anforderungen an Servicequalit\u00e4t und Kundenzufriedenheit bekannt (siehe Erfahrungsberichte hier).Nach denselben Leitlinien bieten wir auch eine Reihe von Luftzerst\u00e4ubern mit Schaufeln (Samarat, Izyfan, HVLS) an, mit denen alle Anforderungen der RE2020 erf\u00fcllt werden k\u00f6nnen (Gewinne [&hellip;]<\/p>\n","protected":false},"author":1,"featured_media":0,"parent":0,"menu_order":0,"comment_status":"closed","ping_status":"closed","template":"","meta":{"_et_pb_use_builder":"on","_et_pb_old_content":"","_et_gb_content_width":"","footnotes":""},"class_list":["post-6936","page","type-page","status-publish","hentry"],"yoast_head":"<!-- This site is optimized with the Yoast SEO plugin v26.7 - https:\/\/yoast.com\/wordpress\/plugins\/seo\/ -->\n<title>Wer sind wir? - Brasseurs Air RE2020<\/title>\n<meta name=\"description\" content=\"Als Vertriebsh\u00e4ndler f\u00fcr Deckenventilatoren und Luftverbesserer in Europa arbeitet unser Team auf diesem Markt, um L\u00f6sungen anzubieten, die auf die RE2020-Norm zugeschnitten sind.\" \/>\n<meta name=\"robots\" content=\"index, follow, max-snippet:-1, max-image-preview:large, max-video-preview:-1\" \/>\n<link rel=\"canonical\" href=\"https:\/\/www.brasseurs-air-re2020.com\/de\/wer-sind-wir\/\" \/>\n<meta property=\"og:locale\" content=\"de_DE\" \/>\n<meta property=\"og:type\" content=\"article\" \/>\n<meta property=\"og:title\" content=\"Wer sind wir? - Brasseurs Air RE2020\" \/>\n<meta property=\"og:description\" content=\"Als Vertriebsh\u00e4ndler f\u00fcr Deckenventilatoren und Luftverbesserer in Europa arbeitet unser Team auf diesem Markt, um L\u00f6sungen anzubieten, die auf die RE2020-Norm zugeschnitten sind.\" \/>\n<meta property=\"og:url\" content=\"https:\/\/www.brasseurs-air-re2020.com\/de\/wer-sind-wir\/\" \/>\n<meta property=\"og:site_name\" content=\"Brasseurs Air RE2020\" \/>\n<meta property=\"article:modified_time\" content=\"2024-06-10T13:26:13+00:00\" \/>\n<meta name=\"twitter:card\" content=\"summary_large_image\" \/>\n<meta name=\"twitter:label1\" content=\"Gesch\u00e4tzte Lesezeit\" \/>\n\t<meta name=\"twitter:data1\" content=\"4\u00a0Minuten\" \/>\n<script type=\"application\/ld+json\" class=\"yoast-schema-graph\">{\"@context\":\"https:\/\/schema.org\",\"@graph\":[{\"@type\":\"WebPage\",\"@id\":\"https:\/\/www.brasseurs-air-re2020.com\/de\/wer-sind-wir\/\",\"url\":\"https:\/\/www.brasseurs-air-re2020.com\/de\/wer-sind-wir\/\",\"name\":\"Wer sind wir? - Brasseurs Air RE2020\",\"isPartOf\":{\"@id\":\"https:\/\/www.brasseurs-air-re2020.com\/de\/#website\"},\"datePublished\":\"2024-05-13T10:50:16+00:00\",\"dateModified\":\"2024-06-10T13:26:13+00:00\",\"description\":\"Als Vertriebsh\u00e4ndler f\u00fcr Deckenventilatoren und Luftverbesserer in Europa arbeitet unser Team auf diesem Markt, um L\u00f6sungen anzubieten, die auf die RE2020-Norm zugeschnitten sind.\",\"breadcrumb\":{\"@id\":\"https:\/\/www.brasseurs-air-re2020.com\/de\/wer-sind-wir\/#breadcrumb\"},\"inLanguage\":\"de\",\"potentialAction\":[{\"@type\":\"ReadAction\",\"target\":[\"https:\/\/www.brasseurs-air-re2020.com\/de\/wer-sind-wir\/\"]}]},{\"@type\":\"BreadcrumbList\",\"@id\":\"https:\/\/www.brasseurs-air-re2020.com\/de\/wer-sind-wir\/#breadcrumb\",\"itemListElement\":[{\"@type\":\"ListItem\",\"position\":1,\"name\":\"Deckenventilatoren\",\"item\":\"https:\/\/www.brasseurs-air-re2020.com\/de\/\"},{\"@type\":\"ListItem\",\"position\":2,\"name\":\"Wer sind wir?\"}]},{\"@type\":\"WebSite\",\"@id\":\"https:\/\/www.brasseurs-air-re2020.com\/de\/#website\",\"url\":\"https:\/\/www.brasseurs-air-re2020.com\/de\/\",\"name\":\"Brasseurs Air RE2020\",\"description\":\"\",\"publisher\":{\"@id\":\"https:\/\/www.brasseurs-air-re2020.com\/de\/#organization\"},\"potentialAction\":[{\"@type\":\"SearchAction\",\"target\":{\"@type\":\"EntryPoint\",\"urlTemplate\":\"https:\/\/www.brasseurs-air-re2020.com\/de\/?s={search_term_string}\"},\"query-input\":{\"@type\":\"PropertyValueSpecification\",\"valueRequired\":true,\"valueName\":\"search_term_string\"}}],\"inLanguage\":\"de\"},{\"@type\":\"Organization\",\"@id\":\"https:\/\/www.brasseurs-air-re2020.com\/de\/#organization\",\"name\":\"Brasseurs d'air RE2020\",\"url\":\"https:\/\/www.brasseurs-air-re2020.com\/de\/\",\"logo\":{\"@type\":\"ImageObject\",\"inLanguage\":\"de\",\"@id\":\"https:\/\/www.brasseurs-air-re2020.com\/de\/#\/schema\/logo\/image\/\",\"url\":\"https:\/\/www.brasseurs-air-re2020.com\/wp-content\/uploads\/2021\/12\/logo-brasseur-air-re-2020-new-01.png\",\"contentUrl\":\"https:\/\/www.brasseurs-air-re2020.com\/wp-content\/uploads\/2021\/12\/logo-brasseur-air-re-2020-new-01.png\",\"width\":200,\"height\":50,\"caption\":\"Brasseurs d'air RE2020\"},\"image\":{\"@id\":\"https:\/\/www.brasseurs-air-re2020.com\/de\/#\/schema\/logo\/image\/\"},\"sameAs\":[\"https:\/\/www.linkedin.com\/company\/brasseurs-d-air-re2020\/\"]}]}<\/script>\n<!-- \/ Yoast SEO plugin. -->","yoast_head_json":{"title":"Wer sind wir? - Brasseurs Air RE2020","description":"Als Vertriebsh\u00e4ndler f\u00fcr Deckenventilatoren und Luftverbesserer in Europa arbeitet unser Team auf diesem Markt, um L\u00f6sungen anzubieten, die auf die RE2020-Norm zugeschnitten sind.","robots":{"index":"index","follow":"follow","max-snippet":"max-snippet:-1","max-image-preview":"max-image-preview:large","max-video-preview":"max-video-preview:-1"},"canonical":"https:\/\/www.brasseurs-air-re2020.com\/de\/wer-sind-wir\/","og_locale":"de_DE","og_type":"article","og_title":"Wer sind wir? - Brasseurs Air RE2020","og_description":"Als Vertriebsh\u00e4ndler f\u00fcr Deckenventilatoren und Luftverbesserer in Europa arbeitet unser Team auf diesem Markt, um L\u00f6sungen anzubieten, die auf die RE2020-Norm zugeschnitten sind.","og_url":"https:\/\/www.brasseurs-air-re2020.com\/de\/wer-sind-wir\/","og_site_name":"Brasseurs Air RE2020","article_modified_time":"2024-06-10T13:26:13+00:00","twitter_card":"summary_large_image","twitter_misc":{"Gesch\u00e4tzte Lesezeit":"4\u00a0Minuten"},"schema":{"@context":"https:\/\/schema.org","@graph":[{"@type":"WebPage","@id":"https:\/\/www.brasseurs-air-re2020.com\/de\/wer-sind-wir\/","url":"https:\/\/www.brasseurs-air-re2020.com\/de\/wer-sind-wir\/","name":"Wer sind wir? - Brasseurs Air RE2020","isPartOf":{"@id":"https:\/\/www.brasseurs-air-re2020.com\/de\/#website"},"datePublished":"2024-05-13T10:50:16+00:00","dateModified":"2024-06-10T13:26:13+00:00","description":"Als Vertriebsh\u00e4ndler f\u00fcr Deckenventilatoren und Luftverbesserer in Europa arbeitet unser Team auf diesem Markt, um L\u00f6sungen anzubieten, die auf die RE2020-Norm zugeschnitten sind.","breadcrumb":{"@id":"https:\/\/www.brasseurs-air-re2020.com\/de\/wer-sind-wir\/#breadcrumb"},"inLanguage":"de","potentialAction":[{"@type":"ReadAction","target":["https:\/\/www.brasseurs-air-re2020.com\/de\/wer-sind-wir\/"]}]},{"@type":"BreadcrumbList","@id":"https:\/\/www.brasseurs-air-re2020.com\/de\/wer-sind-wir\/#breadcrumb","itemListElement":[{"@type":"ListItem","position":1,"name":"Deckenventilatoren","item":"https:\/\/www.brasseurs-air-re2020.com\/de\/"},{"@type":"ListItem","position":2,"name":"Wer sind wir?"}]},{"@type":"WebSite","@id":"https:\/\/www.brasseurs-air-re2020.com\/de\/#website","url":"https:\/\/www.brasseurs-air-re2020.com\/de\/","name":"Brasseurs Air RE2020","description":"","publisher":{"@id":"https:\/\/www.brasseurs-air-re2020.com\/de\/#organization"},"potentialAction":[{"@type":"SearchAction","target":{"@type":"EntryPoint","urlTemplate":"https:\/\/www.brasseurs-air-re2020.com\/de\/?s={search_term_string}"},"query-input":{"@type":"PropertyValueSpecification","valueRequired":true,"valueName":"search_term_string"}}],"inLanguage":"de"},{"@type":"Organization","@id":"https:\/\/www.brasseurs-air-re2020.com\/de\/#organization","name":"Brasseurs d'air RE2020","url":"https:\/\/www.brasseurs-air-re2020.com\/de\/","logo":{"@type":"ImageObject","inLanguage":"de","@id":"https:\/\/www.brasseurs-air-re2020.com\/de\/#\/schema\/logo\/image\/","url":"https:\/\/www.brasseurs-air-re2020.com\/wp-content\/uploads\/2021\/12\/logo-brasseur-air-re-2020-new-01.png","contentUrl":"https:\/\/www.brasseurs-air-re2020.com\/wp-content\/uploads\/2021\/12\/logo-brasseur-air-re-2020-new-01.png","width":200,"height":50,"caption":"Brasseurs d'air RE2020"},"image":{"@id":"https:\/\/www.brasseurs-air-re2020.com\/de\/#\/schema\/logo\/image\/"},"sameAs":["https:\/\/www.linkedin.com\/company\/brasseurs-d-air-re2020\/"]}]}},"_links":{"self":[{"href":"https:\/\/www.brasseurs-air-re2020.com\/de\/wp-json\/wp\/v2\/pages\/6936","targetHints":{"allow":["GET"]}}],"collection":[{"href":"https:\/\/www.brasseurs-air-re2020.com\/de\/wp-json\/wp\/v2\/pages"}],"about":[{"href":"https:\/\/www.brasseurs-air-re2020.com\/de\/wp-json\/wp\/v2\/types\/page"}],"author":[{"embeddable":true,"href":"https:\/\/www.brasseurs-air-re2020.com\/de\/wp-json\/wp\/v2\/users\/1"}],"replies":[{"embeddable":true,"href":"https:\/\/www.brasseurs-air-re2020.com\/de\/wp-json\/wp\/v2\/comments?post=6936"}],"version-history":[{"count":4,"href":"https:\/\/www.brasseurs-air-re2020.com\/de\/wp-json\/wp\/v2\/pages\/6936\/revisions"}],"predecessor-version":[{"id":7773,"href":"https:\/\/www.brasseurs-air-re2020.com\/de\/wp-json\/wp\/v2\/pages\/6936\/revisions\/7773"}],"wp:attachment":[{"href":"https:\/\/www.brasseurs-air-re2020.com\/de\/wp-json\/wp\/v2\/media?parent=6936"}],"curies":[{"name":"wp","href":"https:\/\/api.w.org\/{rel}","templated":true}]}}