{"id":6986,"date":"2024-05-13T20:32:19","date_gmt":"2024-05-13T18:32:19","guid":{"rendered":"https:\/\/www.brasseurs-air-re2020.com\/palehe\/"},"modified":"2025-10-27T18:18:15","modified_gmt":"2025-10-27T17:18:15","slug":"palehe","status":"publish","type":"page","link":"https:\/\/www.brasseurs-air-re2020.com\/de\/palehe\/","title":{"rendered":"Palehe"},"content":{"rendered":"<p>[et_pb_section fb_built=&#8221;1&#8243; admin_label=&#8221;section&#8221; _builder_version=&#8221;4.16&#8243; background_color=&#8221;#242424&#8243; custom_padding=&#8221;0px||0px||false|false&#8221; global_colors_info=&#8221;{}&#8221;][et_pb_row admin_label=&#8221;row&#8221; _builder_version=&#8221;4.16&#8243; background_size=&#8221;initial&#8221; background_position=&#8221;top_left&#8221; background_repeat=&#8221;repeat&#8221; custom_padding=&#8221;8px||6px||false|false&#8221; global_colors_info=&#8221;{}&#8221;][et_pb_column type=&#8221;4_4&#8243; _builder_version=&#8221;4.16&#8243; custom_padding=&#8221;|||&#8221; global_colors_info=&#8221;{}&#8221; custom_padding__hover=&#8221;|||&#8221;][et_pb_text _builder_version=&#8221;4.16&#8243; _module_preset=&#8221;default&#8221; text_text_color=&#8221;#FFFFFF&#8221; header_text_color=&#8221;#FFFFFF&#8221; header_font_size=&#8221;45px&#8221; text_orientation=&#8221;center&#8221; background_layout=&#8221;dark&#8221; custom_padding=&#8221;||||false|false&#8221; global_colors_info=&#8221;{}&#8221;]<\/p>\n<h1>Palehe<\/h1>\n<p><\/p>\n<h2>Der HVLS- Luftumw\u00e4lzer f\u00fcr sehr gro\u00dfe Volumen<\/h2>\n<p>[\/et_pb_text][\/et_pb_column][\/et_pb_row][\/et_pb_section][et_pb_section fb_built=&#8221;1&#8243; _builder_version=&#8221;4.16&#8243; _module_preset=&#8221;default&#8221; custom_padding=&#8221;||||false|false&#8221; global_colors_info=&#8221;{}&#8221;][et_pb_row column_structure=&#8221;1_2,1_2&#8243; _builder_version=&#8221;4.16&#8243; _module_preset=&#8221;default&#8221; background_size=&#8221;initial&#8221; background_position=&#8221;top_left&#8221; background_repeat=&#8221;repeat&#8221; custom_padding=&#8221;0px||0px||false|false&#8221; global_colors_info=&#8221;{}&#8221;][et_pb_column type=&#8221;1_2&#8243; _builder_version=&#8221;4.16&#8243; _module_preset=&#8221;default&#8221; global_colors_info=&#8221;{}&#8221;][et_pb_text _builder_version=&#8221;4.16&#8243; _module_preset=&#8221;default&#8221; header_4_font=&#8221;|600|||||||&#8221; header_4_line_height=&#8221;1.7em&#8221; custom_margin=&#8221;||15px||false|false&#8221; global_colors_info=&#8221;{}&#8221;]<\/p>\n<h4>HVLS (HIGH VOLUME LOW SPEED) sind Deckenventilatoren mit einem Durchmesser von 2,50 m bis 4 m. Diese Ventilatoren sind in der Regel sehr gro\u00df und haben einen gro\u00dfen Fl\u00fcgel. Der Zweck dieser riesigen HVLS-Ventilatoren ist es, eine sehr gro\u00dfe Fl\u00e4che oder eine sehr gro\u00dfe H\u00f6he abzudecken, wie man sie in Hangars, Lagerhallen, Sporthallen usw. findet.<\/h4>\n<p><\/p>\n<p>HVLS- Luftumw\u00e4lzer nutzen ihre gro\u00dfe Gr\u00f6\u00dfe, um gro\u00dfe Luftmassen zu bewegen. Sie sind sehr leistungsstark, was den Luftdurchsatz und die Energieeffizienz angeht.<\/p>\n<p><\/p>\n<p>HVLS-Luftumw\u00e4lzer werden sowohl f\u00fcr den Winterkomfort (Absenken der an der Decke angesammelten Warmluft) als auch zur Verbesserung der Leistung von Schichtheizungen eingesetzt.<\/p>\n<p><\/p>\n<p>HVLS-Luftumw\u00e4lzer werden auch f\u00fcr den Sommerkomfort eingesetzt, indem sie Luftgeschwindigkeit erzeugen, um das Wohlbefinden der Nutzer durch Evapo-Transpiration zu verbessern (siehe Givoni-Diagramm).<\/p>\n<p>[\/et_pb_text][\/et_pb_column][et_pb_column type=&#8221;1_2&#8243; _builder_version=&#8221;4.16&#8243; _module_preset=&#8221;default&#8221; global_colors_info=&#8221;{}&#8221;][et_pb_image src=&#8221;https:\/\/www.brasseurs-air-re2020.com\/wp-content\/uploads\/2024\/05\/diagramme-de-givoni-01-DE.jpg&#8221; title_text=&#8221;diagramme-de-givoni-01&#8243; _builder_version=&#8221;4.16&#8243; _module_preset=&#8221;default&#8221; global_colors_info=&#8221;{}&#8221;][\/et_pb_image][\/et_pb_column][\/et_pb_row][\/et_pb_section][et_pb_section fb_built=&#8221;1&#8243; _builder_version=&#8221;4.16&#8243; _module_preset=&#8221;default&#8221; border_width_top=&#8221;1px&#8221; border_color_top=&#8221;#e8e8e8&#8243; global_colors_info=&#8221;{}&#8221;][et_pb_row column_structure=&#8221;1_2,1_2&#8243; _builder_version=&#8221;4.16&#8243; _module_preset=&#8221;default&#8221; background_size=&#8221;initial&#8221; background_position=&#8221;top_left&#8221; background_repeat=&#8221;repeat&#8221; custom_padding=&#8221;0px||0px||false|false&#8221; global_colors_info=&#8221;{}&#8221;][et_pb_column type=&#8221;1_2&#8243; _builder_version=&#8221;4.16&#8243; _module_preset=&#8221;default&#8221; global_colors_info=&#8221;{}&#8221;][et_pb_text _builder_version=&#8221;4.23.4&#8243; _module_preset=&#8221;default&#8221; global_colors_info=&#8221;{}&#8221;]<\/p>\n<p>HVLS- Luftumw\u00e4lzer sind die L\u00f6sung f\u00fcr sehr gro\u00dfe R\u00e4ume oder hohe Volumen, bei denen herk\u00f6mmliche Luftumw\u00e4lzer aufgrund ihres Durchsatzes und ihrer Gr\u00f6\u00dfe an ihre Grenzen sto\u00dfen w\u00fcrden.<\/p>\n<p><\/p>\n<p>Die langsame Rotation der Rotorbl\u00e4tter ist nicht st\u00f6rend in Bezug auf den L\u00e4rm (der unter 60 Dezibel bleibt).<\/p>\n<p><\/p>\n<p>Es ist anzumerken, dass sehr gro\u00dfe R\u00e4ume in der Regel Orte sind, die unl\u00f6sbare Probleme mit astronomischen Kosten f\u00fcr die Heizung (die an der Decke stagniert) oder eine ineffiziente Klimaanlage verursachen.<br \/>Der Temperaturunterschied zwischen Boden und Decke kann schnell mehrere Grad betragen.<br \/>Dies f\u00fchrt zu einem gro\u00dfen Unbehagen bei den Nutzern.<\/p>\n<p><\/p>\n<p>Die PALEHE HLVS-Ventilatoren k\u00f6nnen daher in Lagerh\u00e4usern, Hangars oder Sporthallen eingesetzt werden.<br \/>Sie bieten erhebliche Energieeinsparungen (durch Stratifikation) und Komfortgewinn.<\/p>\n<p><\/p>\n<p>Es gibt drei Modelle mit einer L\u00e4nge von 3 m, 3.6 m oder 4.2 m, deren Merkmale Sie hier finden:<\/p>\n<p><\/p>\n<p>Z\u00f6gern Sie nicht, sich mit uns in Verbindung zu setzen, wenn Sie weitere Informationen ben\u00f6tigen, Hilfe beim Verfassen einer Musterklausel f\u00fcr die CCTP oder bei der Auswahl des am besten geeigneten Modells ben\u00f6tigen.<\/p>\n<p>[\/et_pb_text][\/et_pb_column][et_pb_column type=&#8221;1_2&#8243; _builder_version=&#8221;4.16&#8243; _module_preset=&#8221;default&#8221; global_colors_info=&#8221;{}&#8221;][et_pb_image src=&#8221;https:\/\/www.brasseurs-air-re2020.com\/wp-content\/uploads\/2021\/10\/palehe-brasseur-air-03.jpg&#8221; alt=&#8221;Der Palehe HVLS- Luftumw\u00e4lzer f\u00fcr sehr gro\u00dfe Volumen.&#8221; title_text=&#8221;palehe-brasseur-air-03&#8243; _builder_version=&#8221;4.23.4&#8243; _module_preset=&#8221;default&#8221; global_colors_info=&#8221;{}&#8221;][\/et_pb_image][\/et_pb_column][\/et_pb_row][\/et_pb_section][et_pb_section fb_built=&#8221;1&#8243; disabled_on=&#8221;on|on|on&#8221; admin_label=&#8221;section&#8221; _builder_version=&#8221;4.16&#8243; background_color=&#8221;#242424&#8243; custom_margin=&#8221;||||false|false&#8221; custom_padding=&#8221;||||false|false&#8221; disabled=&#8221;on&#8221; global_colors_info=&#8221;{}&#8221;][et_pb_row column_structure=&#8221;1_3,1_3,1_3&#8243; _builder_version=&#8221;4.16&#8243; _module_preset=&#8221;default&#8221; background_size=&#8221;initial&#8221; background_position=&#8221;top_left&#8221; background_repeat=&#8221;repeat&#8221; custom_padding=&#8221;0px||0px||false|false&#8221; global_colors_info=&#8221;{}&#8221;][et_pb_column type=&#8221;1_3&#8243; _builder_version=&#8221;4.16&#8243; _module_preset=&#8221;default&#8221; global_colors_info=&#8221;{}&#8221;][et_pb_text _builder_version=&#8221;4.27.0&#8243; _module_preset=&#8221;default&#8221; header_2_line_height=&#8221;1.7em&#8221; header_4_font_size=&#8221;20px&#8221; header_4_line_height=&#8221;1.7em&#8221; background_layout=&#8221;dark&#8221; locked=&#8221;off&#8221; global_colors_info=&#8221;{}&#8221;]<\/p>\n<h2>Technische Daten<\/h2>\n<p><\/p>\n<h4><em>Referenz Modell 4000<\/em><\/h4>\n<p><\/p>\n<p>Durchmesser (m): 4<br \/>Anzahl der Bl\u00e4tter : 5<br \/>Gewicht (installiert) (kg): 82<br \/>Maximale Geschwindigkeit (U\/min) : 95<br \/>Maximaler Stromverbrauch (KW): 0,435<br \/>Maximale Stromaufnahme (A): 0,93<br \/>Maximale Lautst\u00e4rke: &lt;55<br \/>Luftf\u00f6rdermenge (m3\/Stunde): 350.000<br \/>Motortyp: DC Brushless<br \/>Mindestabstand von der Decke (m): 1<br \/>Material der Rotorbl\u00e4tter: Aluminium<br \/>Strom 200-480V dreiphasig 50-60 Hz: Ja<\/p>\n<p>[\/et_pb_text][\/et_pb_column][et_pb_column type=&#8221;1_3&#8243; _builder_version=&#8221;4.16&#8243; _module_preset=&#8221;default&#8221; global_colors_info=&#8221;{}&#8221;][et_pb_text _builder_version=&#8221;4.16&#8243; _module_preset=&#8221;default&#8221; header_2_line_height=&#8221;1.7em&#8221; header_4_font_size=&#8221;20px&#8221; header_4_line_height=&#8221;1.7em&#8221; background_layout=&#8221;dark&#8221; locked=&#8221;off&#8221; global_colors_info=&#8221;{}&#8221;]<\/p>\n<h4><em>Referenz Modell 3000<\/em><\/h4>\n<p><\/p>\n<p>Durchmesser (m): 3<br \/>Anzahl der Bl\u00e4tter : 5<br \/>Gewicht (installiert) (kg): 70<br \/>Maximale Geschwindigkeit (U\/min): 140<br \/>Maximaler Stromverbrauch (KW): 0,725<br \/>Maximale Stromaufnahme (A): 1,97<br \/>Maximale Lautst\u00e4rke: &lt;60<br \/>Luftf\u00f6rdermenge (m3\/Stunde): 280.000<br \/>Motortyp: DC Brushless<br \/>Minimaler Abstand von der Decke (m): 1<br \/>Material der Rotorbl\u00e4tter: Aluminium<br \/>Strom 200-480V dreiphasig 50-60 Hz: Ja<\/p>\n<p>[\/et_pb_text][\/et_pb_column][et_pb_column type=&#8221;1_3&#8243; _builder_version=&#8221;4.16&#8243; _module_preset=&#8221;default&#8221; global_colors_info=&#8221;{}&#8221;][et_pb_text _builder_version=&#8221;4.27.0&#8243; _module_preset=&#8221;default&#8221; header_2_line_height=&#8221;1.7em&#8221; header_4_font_size=&#8221;20px&#8221; header_4_line_height=&#8221;1.7em&#8221; background_layout=&#8221;dark&#8221; locked=&#8221;off&#8221; global_colors_info=&#8221;{}&#8221;]<\/p>\n<h4><em>Referenz Modell 2500<\/em><\/h4>\n<p><\/p>\n<p>Durchmesser (m): 2,5<br \/>Anzahl der Bl\u00e4tter : 5<br \/>Gewicht (installiert) (kg): 65,5<br \/>Maximale Geschwindigkeit (U\/min): 150<br \/>Maximaler Stromverbrauch (KW): 1<br \/>Maximale Stromaufnahme (A): 2,5<br \/>Maximale Lautst\u00e4rke: &lt;60<br \/>Luftf\u00f6rdermenge (m3\/Stunde) : 190.000<br \/>Motortyp: DC Brushless<br \/>Minimaler Abstand von der Decke (m): 0,75<br \/>Material der Rotorbl\u00e4tter: Aluminium<br \/>Strom 200-480V dreiphasig 50-60 Hz: Ja<\/p>\n<p>[\/et_pb_text][\/et_pb_column][\/et_pb_row][\/et_pb_section][et_pb_section fb_built=&#8221;1&#8243; _builder_version=&#8221;4.16&#8243; _module_preset=&#8221;default&#8221; border_width_top=&#8221;1px&#8221; border_color_top=&#8221;#e8e8e8&#8243; global_colors_info=&#8221;{}&#8221;][et_pb_row _builder_version=&#8221;4.16&#8243; _module_preset=&#8221;default&#8221; background_size=&#8221;initial&#8221; background_position=&#8221;top_left&#8221; background_repeat=&#8221;repeat&#8221; custom_padding=&#8221;0px||0px||false|false&#8221; global_colors_info=&#8221;{}&#8221;][et_pb_column type=&#8221;4_4&#8243; _builder_version=&#8221;4.16&#8243; _module_preset=&#8221;default&#8221; global_colors_info=&#8221;{}&#8221;][et_pb_text _builder_version=&#8221;4.16&#8243; _module_preset=&#8221;default&#8221; global_colors_info=&#8221;{}&#8221;]<\/p>\n<h2>Ein Luftstrom, der den vierfachen Durchmesser des Palehe erreichen kann.<\/h2>\n<p>[\/et_pb_text][et_pb_image src=&#8221;https:\/\/www.brasseurs-air-re2020.com\/wp-content\/uploads\/2021\/11\/flux-ventilateur-palehe-01.jpg&#8221; alt=&#8221;Luftstrom des HVLS Palehe-L\u00fcfters&#8221; title_text=&#8221;flux-ventilateur-palehe-01&#8243; align=&#8221;center&#8221; force_fullwidth=&#8221;on&#8221; _builder_version=&#8221;4.23.4&#8243; _module_preset=&#8221;default&#8221; global_colors_info=&#8221;{}&#8221;][\/et_pb_image][et_pb_text _builder_version=&#8221;4.16&#8243; _module_preset=&#8221;default&#8221; global_colors_info=&#8221;{}&#8221;]<\/p>\n<p>Dieses L\u00fcftungssystem wird in gro\u00dfen R\u00e4umen wie Produktionsst\u00e4tten, Logistikzentren, Sporthallen und Kaufh\u00e4usern eingesetzt, wo Klimaanlagen sowohl bei der Anfangsinvestition als auch bei den sp\u00e4teren Betriebskosten sehr kostspielig sind.<\/p>\n<p><\/p>\n<p>Unser Palehe HVLS Luftumw\u00e4lzer senkt die gef\u00fchlte Temperatur im Sommer um 2\u00b0 bis 6\u00b0 C, w\u00e4hrend im Winter der Destratifizierungsmodus die Raumtemperatur homogenisiert und eine erhebliche Energieeinsparung von ca. 30% erm\u00f6glicht.<\/p>\n<p><\/p>\n<p>Diese Verbesserung l\u00e4sst sich wie in der Tabelle \u201eDiagramm zur thermischen Behaglichkeit\u201c beobachten, die von der Executive for Health and Safety der Universit\u00e4t Berkeley erstellt wurde.<\/p>\n<p><\/p>\n<p>Es gibt noch weitere Vorteile, die f\u00fcr HVLS-Ventilatoren sprechen:<\/p>\n<p><\/p>\n<ul>\n<li>Sie verringern das Wachstum von Viren, Bakterien und Schimmelpilzen.<\/li>\n<li>Sie verhindern, dass sich Kondenswasser auf dem Boden bildet, und verhindern so die Besch\u00e4digung von Materialien und\/oder Maschinen.<\/li>\n<li>Sie erh\u00f6hen die Produktivit\u00e4t der Arbeiter durch mehr Komfort am Arbeitsplatz.<\/li>\n<li>Sie haben einen extrem niedrigen Stromverbrauch (Onboard-Wechselrichtermotor).<\/li>\n<li>Sie k\u00f6nnen auch in bestehende Heiz-\/K\u00fchlsysteme eingebaut werden.<\/li>\n<li>Sie k\u00f6nnen schrittweise installiert werden, wodurch wirtschaftlich bedeutende Investitionen vermieden werden.<\/li>\n<\/ul>\n<p>[\/et_pb_text][\/et_pb_column][\/et_pb_row][\/et_pb_section][et_pb_section fb_built=&#8221;1&#8243; disabled_on=&#8221;on|on|on&#8221; _builder_version=&#8221;4.16&#8243; _module_preset=&#8221;default&#8221; disabled=&#8221;on&#8221; global_colors_info=&#8221;{}&#8221;][et_pb_row _builder_version=&#8221;4.16&#8243; _module_preset=&#8221;default&#8221; background_size=&#8221;initial&#8221; background_position=&#8221;top_left&#8221; background_repeat=&#8221;repeat&#8221; custom_padding=&#8221;19px||0px||false|false&#8221; locked=&#8221;off&#8221; global_colors_info=&#8221;{}&#8221;][et_pb_column type=&#8221;4_4&#8243; _builder_version=&#8221;4.16&#8243; _module_preset=&#8221;default&#8221; global_colors_info=&#8221;{}&#8221;][et_pb_text _builder_version=&#8221;4.16&#8243; _module_preset=&#8221;default&#8221; header_3_font_size=&#8221;26px&#8221; text_orientation=&#8221;center&#8221; global_colors_info=&#8221;{}&#8221;]<\/p>\n<h3><i>Im RE2020 aufgewertet<\/i><\/h3>\n<p>[\/et_pb_text][\/et_pb_column][\/et_pb_row][et_pb_row admin_label=&#8221;row&#8221; _builder_version=&#8221;4.16&#8243; background_size=&#8221;initial&#8221; background_position=&#8221;top_left&#8221; background_repeat=&#8221;repeat&#8221; custom_padding=&#8221;||0px||false|false&#8221; global_colors_info=&#8221;{}&#8221;][et_pb_column type=&#8221;4_4&#8243; _builder_version=&#8221;4.16&#8243; custom_padding=&#8221;|||&#8221; global_colors_info=&#8221;{}&#8221; custom_padding__hover=&#8221;|||&#8221;][et_pb_image src=&#8221;https:\/\/www.brasseurs-air-re2020.com\/wp-content\/uploads\/2021\/10\/re2020-bandeau-01.jpg&#8221; title_text=&#8221;re2020-bandeau-01&#8243; align=&#8221;center&#8221; _builder_version=&#8221;4.16&#8243; _module_preset=&#8221;default&#8221; global_colors_info=&#8221;{}&#8221;][\/et_pb_image][\/et_pb_column][\/et_pb_row][\/et_pb_section]<\/p>\n","protected":false},"excerpt":{"rendered":"<p>PaleheDer HVLS- Luftumw\u00e4lzer f\u00fcr sehr gro\u00dfe VolumenHVLS (HIGH VOLUME LOW SPEED) sind Deckenventilatoren mit einem Durchmesser von 2,50 m bis 4 m. Diese Ventilatoren sind in der Regel sehr gro\u00df und haben einen gro\u00dfen Fl\u00fcgel. Der Zweck dieser riesigen HVLS-Ventilatoren ist es, eine sehr gro\u00dfe Fl\u00e4che oder eine sehr gro\u00dfe H\u00f6he abzudecken, wie man sie [&hellip;]<\/p>\n","protected":false},"author":1,"featured_media":0,"parent":0,"menu_order":0,"comment_status":"closed","ping_status":"closed","template":"","meta":{"_et_pb_use_builder":"on","_et_pb_old_content":"","_et_gb_content_width":"","footnotes":""},"class_list":["post-6986","page","type-page","status-publish","hentry"],"yoast_head":"<!-- This site is optimized with the Yoast SEO plugin v26.7 - https:\/\/yoast.com\/wordpress\/plugins\/seo\/ -->\n<title>Palehe - Brasseurs Air RE2020<\/title>\n<meta name=\"description\" content=\"Der Palehe HVLS Luftumw\u00e4lzer erm\u00f6glicht die Bel\u00fcftung von sehr gro\u00dfen R\u00e4umen und sehr gro\u00dfen Fl\u00e4chen. Er hat einen Durchmesser von 2,50 m.\" \/>\n<meta name=\"robots\" content=\"index, follow, max-snippet:-1, max-image-preview:large, max-video-preview:-1\" \/>\n<link rel=\"canonical\" href=\"https:\/\/www.brasseurs-air-re2020.com\/de\/palehe\/\" \/>\n<meta property=\"og:locale\" content=\"de_DE\" \/>\n<meta property=\"og:type\" content=\"article\" \/>\n<meta property=\"og:title\" content=\"Palehe - Brasseurs Air RE2020\" \/>\n<meta property=\"og:description\" content=\"Der Palehe HVLS Luftumw\u00e4lzer erm\u00f6glicht die Bel\u00fcftung von sehr gro\u00dfen R\u00e4umen und sehr gro\u00dfen Fl\u00e4chen. Er hat einen Durchmesser von 2,50 m.\" \/>\n<meta property=\"og:url\" content=\"https:\/\/www.brasseurs-air-re2020.com\/de\/palehe\/\" \/>\n<meta property=\"og:site_name\" content=\"Brasseurs Air RE2020\" \/>\n<meta property=\"article:modified_time\" content=\"2025-10-27T17:18:15+00:00\" \/>\n<meta name=\"twitter:card\" content=\"summary_large_image\" \/>\n<meta name=\"twitter:label1\" content=\"Gesch\u00e4tzte Lesezeit\" \/>\n\t<meta name=\"twitter:data1\" content=\"8\u00a0Minuten\" \/>\n<script type=\"application\/ld+json\" class=\"yoast-schema-graph\">{\"@context\":\"https:\/\/schema.org\",\"@graph\":[{\"@type\":\"WebPage\",\"@id\":\"https:\/\/www.brasseurs-air-re2020.com\/de\/palehe\/\",\"url\":\"https:\/\/www.brasseurs-air-re2020.com\/de\/palehe\/\",\"name\":\"Palehe - Brasseurs Air RE2020\",\"isPartOf\":{\"@id\":\"https:\/\/www.brasseurs-air-re2020.com\/de\/#website\"},\"datePublished\":\"2024-05-13T18:32:19+00:00\",\"dateModified\":\"2025-10-27T17:18:15+00:00\",\"description\":\"Der Palehe HVLS Luftumw\u00e4lzer erm\u00f6glicht die Bel\u00fcftung von sehr gro\u00dfen R\u00e4umen und sehr gro\u00dfen Fl\u00e4chen. Er hat einen Durchmesser von 2,50 m.\",\"breadcrumb\":{\"@id\":\"https:\/\/www.brasseurs-air-re2020.com\/de\/palehe\/#breadcrumb\"},\"inLanguage\":\"de\",\"potentialAction\":[{\"@type\":\"ReadAction\",\"target\":[\"https:\/\/www.brasseurs-air-re2020.com\/de\/palehe\/\"]}]},{\"@type\":\"BreadcrumbList\",\"@id\":\"https:\/\/www.brasseurs-air-re2020.com\/de\/palehe\/#breadcrumb\",\"itemListElement\":[{\"@type\":\"ListItem\",\"position\":1,\"name\":\"Deckenventilatoren\",\"item\":\"https:\/\/www.brasseurs-air-re2020.com\/de\/\"},{\"@type\":\"ListItem\",\"position\":2,\"name\":\"Palehe\"}]},{\"@type\":\"WebSite\",\"@id\":\"https:\/\/www.brasseurs-air-re2020.com\/de\/#website\",\"url\":\"https:\/\/www.brasseurs-air-re2020.com\/de\/\",\"name\":\"Brasseurs Air RE2020\",\"description\":\"\",\"publisher\":{\"@id\":\"https:\/\/www.brasseurs-air-re2020.com\/de\/#organization\"},\"potentialAction\":[{\"@type\":\"SearchAction\",\"target\":{\"@type\":\"EntryPoint\",\"urlTemplate\":\"https:\/\/www.brasseurs-air-re2020.com\/de\/?s={search_term_string}\"},\"query-input\":{\"@type\":\"PropertyValueSpecification\",\"valueRequired\":true,\"valueName\":\"search_term_string\"}}],\"inLanguage\":\"de\"},{\"@type\":\"Organization\",\"@id\":\"https:\/\/www.brasseurs-air-re2020.com\/de\/#organization\",\"name\":\"Brasseurs d'air RE2020\",\"url\":\"https:\/\/www.brasseurs-air-re2020.com\/de\/\",\"logo\":{\"@type\":\"ImageObject\",\"inLanguage\":\"de\",\"@id\":\"https:\/\/www.brasseurs-air-re2020.com\/de\/#\/schema\/logo\/image\/\",\"url\":\"https:\/\/www.brasseurs-air-re2020.com\/wp-content\/uploads\/2021\/12\/logo-brasseur-air-re-2020-new-01.png\",\"contentUrl\":\"https:\/\/www.brasseurs-air-re2020.com\/wp-content\/uploads\/2021\/12\/logo-brasseur-air-re-2020-new-01.png\",\"width\":200,\"height\":50,\"caption\":\"Brasseurs d'air RE2020\"},\"image\":{\"@id\":\"https:\/\/www.brasseurs-air-re2020.com\/de\/#\/schema\/logo\/image\/\"},\"sameAs\":[\"https:\/\/www.linkedin.com\/company\/brasseurs-d-air-re2020\/\"]}]}<\/script>\n<!-- \/ Yoast SEO plugin. -->","yoast_head_json":{"title":"Palehe - Brasseurs Air RE2020","description":"Der Palehe HVLS Luftumw\u00e4lzer erm\u00f6glicht die Bel\u00fcftung von sehr gro\u00dfen R\u00e4umen und sehr gro\u00dfen Fl\u00e4chen. Er hat einen Durchmesser von 2,50 m.","robots":{"index":"index","follow":"follow","max-snippet":"max-snippet:-1","max-image-preview":"max-image-preview:large","max-video-preview":"max-video-preview:-1"},"canonical":"https:\/\/www.brasseurs-air-re2020.com\/de\/palehe\/","og_locale":"de_DE","og_type":"article","og_title":"Palehe - Brasseurs Air RE2020","og_description":"Der Palehe HVLS Luftumw\u00e4lzer erm\u00f6glicht die Bel\u00fcftung von sehr gro\u00dfen R\u00e4umen und sehr gro\u00dfen Fl\u00e4chen. Er hat einen Durchmesser von 2,50 m.","og_url":"https:\/\/www.brasseurs-air-re2020.com\/de\/palehe\/","og_site_name":"Brasseurs Air RE2020","article_modified_time":"2025-10-27T17:18:15+00:00","twitter_card":"summary_large_image","twitter_misc":{"Gesch\u00e4tzte Lesezeit":"8\u00a0Minuten"},"schema":{"@context":"https:\/\/schema.org","@graph":[{"@type":"WebPage","@id":"https:\/\/www.brasseurs-air-re2020.com\/de\/palehe\/","url":"https:\/\/www.brasseurs-air-re2020.com\/de\/palehe\/","name":"Palehe - Brasseurs Air RE2020","isPartOf":{"@id":"https:\/\/www.brasseurs-air-re2020.com\/de\/#website"},"datePublished":"2024-05-13T18:32:19+00:00","dateModified":"2025-10-27T17:18:15+00:00","description":"Der Palehe HVLS Luftumw\u00e4lzer erm\u00f6glicht die Bel\u00fcftung von sehr gro\u00dfen R\u00e4umen und sehr gro\u00dfen Fl\u00e4chen. Er hat einen Durchmesser von 2,50 m.","breadcrumb":{"@id":"https:\/\/www.brasseurs-air-re2020.com\/de\/palehe\/#breadcrumb"},"inLanguage":"de","potentialAction":[{"@type":"ReadAction","target":["https:\/\/www.brasseurs-air-re2020.com\/de\/palehe\/"]}]},{"@type":"BreadcrumbList","@id":"https:\/\/www.brasseurs-air-re2020.com\/de\/palehe\/#breadcrumb","itemListElement":[{"@type":"ListItem","position":1,"name":"Deckenventilatoren","item":"https:\/\/www.brasseurs-air-re2020.com\/de\/"},{"@type":"ListItem","position":2,"name":"Palehe"}]},{"@type":"WebSite","@id":"https:\/\/www.brasseurs-air-re2020.com\/de\/#website","url":"https:\/\/www.brasseurs-air-re2020.com\/de\/","name":"Brasseurs Air RE2020","description":"","publisher":{"@id":"https:\/\/www.brasseurs-air-re2020.com\/de\/#organization"},"potentialAction":[{"@type":"SearchAction","target":{"@type":"EntryPoint","urlTemplate":"https:\/\/www.brasseurs-air-re2020.com\/de\/?s={search_term_string}"},"query-input":{"@type":"PropertyValueSpecification","valueRequired":true,"valueName":"search_term_string"}}],"inLanguage":"de"},{"@type":"Organization","@id":"https:\/\/www.brasseurs-air-re2020.com\/de\/#organization","name":"Brasseurs d'air RE2020","url":"https:\/\/www.brasseurs-air-re2020.com\/de\/","logo":{"@type":"ImageObject","inLanguage":"de","@id":"https:\/\/www.brasseurs-air-re2020.com\/de\/#\/schema\/logo\/image\/","url":"https:\/\/www.brasseurs-air-re2020.com\/wp-content\/uploads\/2021\/12\/logo-brasseur-air-re-2020-new-01.png","contentUrl":"https:\/\/www.brasseurs-air-re2020.com\/wp-content\/uploads\/2021\/12\/logo-brasseur-air-re-2020-new-01.png","width":200,"height":50,"caption":"Brasseurs d'air RE2020"},"image":{"@id":"https:\/\/www.brasseurs-air-re2020.com\/de\/#\/schema\/logo\/image\/"},"sameAs":["https:\/\/www.linkedin.com\/company\/brasseurs-d-air-re2020\/"]}]}},"_links":{"self":[{"href":"https:\/\/www.brasseurs-air-re2020.com\/de\/wp-json\/wp\/v2\/pages\/6986","targetHints":{"allow":["GET"]}}],"collection":[{"href":"https:\/\/www.brasseurs-air-re2020.com\/de\/wp-json\/wp\/v2\/pages"}],"about":[{"href":"https:\/\/www.brasseurs-air-re2020.com\/de\/wp-json\/wp\/v2\/types\/page"}],"author":[{"embeddable":true,"href":"https:\/\/www.brasseurs-air-re2020.com\/de\/wp-json\/wp\/v2\/users\/1"}],"replies":[{"embeddable":true,"href":"https:\/\/www.brasseurs-air-re2020.com\/de\/wp-json\/wp\/v2\/comments?post=6986"}],"version-history":[{"count":23,"href":"https:\/\/www.brasseurs-air-re2020.com\/de\/wp-json\/wp\/v2\/pages\/6986\/revisions"}],"predecessor-version":[{"id":15766,"href":"https:\/\/www.brasseurs-air-re2020.com\/de\/wp-json\/wp\/v2\/pages\/6986\/revisions\/15766"}],"wp:attachment":[{"href":"https:\/\/www.brasseurs-air-re2020.com\/de\/wp-json\/wp\/v2\/media?parent=6986"}],"curies":[{"name":"wp","href":"https:\/\/api.w.org\/{rel}","templated":true}]}}