{"id":7332,"date":"2024-05-24T13:52:30","date_gmt":"2024-05-24T11:52:30","guid":{"rendered":"https:\/\/www.brasseurs-air-re2020.com\/rechtliche-hinweise\/"},"modified":"2026-02-09T16:52:50","modified_gmt":"2026-02-09T15:52:50","slug":"rechtliche-hinweise","status":"publish","type":"page","link":"https:\/\/www.brasseurs-air-re2020.com\/de\/rechtliche-hinweise\/","title":{"rendered":"Rechtliche Hinweise"},"content":{"rendered":"<p>[et_pb_section fb_built=&#8221;1&#8243; admin_label=&#8221;section&#8221; _builder_version=&#8221;4.16&#8243; background_color=&#8221;#242424&#8243; custom_padding=&#8221;0px||0px||false|false&#8221; global_colors_info=&#8221;{}&#8221;][et_pb_row admin_label=&#8221;row&#8221; _builder_version=&#8221;4.16&#8243; background_size=&#8221;initial&#8221; background_position=&#8221;top_left&#8221; background_repeat=&#8221;repeat&#8221; custom_padding=&#8221;8px||6px||false|false&#8221; global_colors_info=&#8221;{}&#8221;][et_pb_column type=&#8221;4_4&#8243; _builder_version=&#8221;4.16&#8243; custom_padding=&#8221;|||&#8221; global_colors_info=&#8221;{}&#8221; custom_padding__hover=&#8221;|||&#8221;][et_pb_text _builder_version=&#8221;4.16&#8243; _module_preset=&#8221;default&#8221; text_text_color=&#8221;#FFFFFF&#8221; header_text_color=&#8221;#FFFFFF&#8221; header_font_size=&#8221;45px&#8221; text_orientation=&#8221;center&#8221; global_colors_info=&#8221;{}&#8221;]<\/p>\n<h1>Rechtliche Hinweise<\/h1>\n<p>[\/et_pb_text][\/et_pb_column][\/et_pb_row][\/et_pb_section][et_pb_section fb_built=&#8221;1&#8243; admin_label=&#8221;section&#8221; _builder_version=&#8221;4.16&#8243; background_enable_color=&#8221;off&#8221; custom_margin=&#8221;||||false|false&#8221; custom_padding=&#8221;||||false|false&#8221; global_colors_info=&#8221;{}&#8221;][et_pb_row _builder_version=&#8221;4.16&#8243; _module_preset=&#8221;default&#8221; background_size=&#8221;initial&#8221; background_position=&#8221;top_left&#8221; background_repeat=&#8221;repeat&#8221; custom_padding=&#8221;||||false|false&#8221; global_colors_info=&#8221;{}&#8221;][et_pb_column type=&#8221;4_4&#8243; _builder_version=&#8221;4.16&#8243; _module_preset=&#8221;default&#8221; global_colors_info=&#8221;{}&#8221;][et_pb_text _builder_version=&#8221;4.27.5&#8243; _module_preset=&#8221;default&#8221; text_font_size=&#8221;16px&#8221; header_2_line_height=&#8221;1.7em&#8221; hover_enabled=&#8221;0&#8243; locked=&#8221;off&#8221; global_colors_info=&#8221;{}&#8221; sticky_enabled=&#8221;0&#8243;]<\/p>\n<h3>Eigent\u00fcmer der Website &amp; Verantwortlicher f\u00fcr die Ver\u00f6ffentlichung<\/h3>\n<p><\/p>\n<p><strong>SAS BRASSEURS D&#8217;AIR<\/strong><\/p>\n<p><\/p>\n<p>2 Avenue Pythagore<br \/>06560 Valbonne<br \/>France<br \/>RCS GRASSE &#8211; 909 184 970<br \/>TVA FR88909184970<\/p>\n<p><\/p>\n<h3>Verantwortlich f\u00fcr die Ver\u00f6ffentlichung<\/h3>\n<p><\/p>\n<p>Pierre Lacarriere<\/p>\n<p><\/p>\n<h3>Hosting der Website<\/h3>\n<p><\/p>\n<p>OVH<\/p>\n<p><\/p>\n<h3>Urheberrechte<\/h3>\n<p><\/p>\n<p>Die gesamte Website unterliegt der franz\u00f6sischen Gesetzgebung \u00fcber das Urheberrecht und das geistige Eigentum. In Anwendung des Gesetzes vom 11. M\u00e4rz 1957 (Art. 41) und des Gesetzes \u00fcber geistiges Eigentum vom 1. Juli 1992 ist jede Darstellung, Vervielf\u00e4ltigung, \u00c4nderung, teilweise oder vollst\u00e4ndige kommerzielle Nutzung sowie jede \u00dcbertragung auf eine andere Website ohne Genehmigung der Gesellschaft SAS BRASSEURS D&#8217;AIR untersagt. Die Logos, Bilder und PDFs auf dieser Website sind Eigentum der Firma SAS BRASSEURS D&#8217;AIR. Jede vollst\u00e4ndige oder teilweise Vervielf\u00e4ltigung dieser Website oder eines ihrer Bestandteile ist untersagt. Die Firma SAS BRASSEURS D&#8217;AIR beh\u00e4lt sich das Recht vor, im Falle einer F\u00e4lschung und ganz allgemein einer Verletzung ihrer geistigen Eigentumsrechte Schadensersatz zu verlangen.<\/p>\n<p><\/p>\n<h3>Copyright SAS BRASSEURS D&#8217;AIR<\/h3>\n<p><\/p>\n<p>Alle Texte, visuellen Inhalte, Schemata, Bilder, Videos und Logos sind Eigentum von SAS BRASSEURS D&#8217;AIR.<\/p>\n<p><\/p>\n<p>Jegliche Vervielf\u00e4ltigung, auch auszugsweise, ist ohne die Genehmigung von SAS BRASSEURS D&#8217;AIR W\u00c4ZER strengstens untersagt; Zuwiderhandlungen werden strafrechtlich verfolgt.<\/p>\n<p><\/p>\n<p>Bitte senden Sie eine E-Mail an <a href=\"mailto:contact@brasseurs-air-re2020.com\">contact@brasseurs-air-re2020.com<\/a> wenn Sie eine Anfrage haben.<\/p>\n<p><\/p>\n<h3>Haftungsausschluss<\/h3>\n<p><\/p>\n<p>Der Inhalt dieser Website dient der allgemeinen Information \u00fcber ein oder mehrere L\u00fcftungsger\u00e4te und Luftumw\u00e4lzer. Die Informationen auf dieser Website wurden mit gr\u00f6\u00dftm\u00f6glicher Sorgfalt zusammengestellt und gepr\u00fcft. Dennoch \u00fcbernehmen wir keine Haftung f\u00fcr ihre Aktualit\u00e4t, Richtigkeit, Vollst\u00e4ndigkeit und\/oder Qualit\u00e4t.<\/p>\n<p><\/p>\n<p>Wir k\u00f6nnen nicht daf\u00fcr verantwortlich gemacht werden, wenn die Anwendung eines Produkts teilweise oder ganz fehlschl\u00e4gt. Die beschriebenen Wirkungen dienen lediglich der Veranschaulichung und stellen keine endg\u00fcltige Gewissheit \u00fcber das Ergebnis f\u00fcr alle dar. Erfahrungsberichte, Wirksamkeitsstudien oder andere Informationen, die auf die Leistung unserer Produkte und Leistungen hinweisen, sind keine Garantie f\u00fcr eine \u00e4hnliche Wirkung bei allen Nutzern. Die erzielten Ergebnisse k\u00f6nnen von Person zu Person unterschiedlich ausfallen. Die verwendeten Bilder und Fotos dienen der Veranschaulichung und k\u00f6nnen nicht als garantiertes Ergebnis interpretiert werden.<\/p>\n<p><\/p>\n<p>SAS BRASSEURS D&#8217;AIR lehnt jede Verantwortung f\u00fcr Handlungen ab, die auf der Grundlage dieser Website unternommen werden.<\/p>\n<p><\/p>\n<p>Die Nutzung dieser Website und das Herunterladen von Daten erfolgt auf eigene Gefahr. SAS BRASSEURS D&#8217;AIR lehnt jede Haftung f\u00fcr Sch\u00e4den, insbesondere an den Datendateien, der Hardware und\/oder Software des Nutzers, die aus einer solchen Handlung resultieren, ab.<\/p>\n<p><\/p>\n<h3>Richtlinie \u00fcber den Schutz personenbezogener Daten<\/h3>\n<p><\/p>\n<p>Unsere Website <a href=\"https:\/\/www.brasseurs-air-re2020.com\/de\/\">www.brasseurs-air-re2020.com<\/a> sammelt personenbezogene Daten \u00fcber Sie (Name, Vorname, Adresse, Telefon, E-Mail). Diese Daten werden in unserer privaten Datenbank, die von unserem Webanbieter gesichert wird, archiviert und gesichert.<\/p>\n<p><\/p>\n<p>Nur Mitarbeiter von SAS BRASSEURS D&#8217;AIR und unseres Webanbieters haben Zugang.<\/p>\n<p><\/p>\n<p>Nur Mitarbeiter von SAS BRASSEURS D&#8217;AIR d\u00fcrfen sie benutzen.<\/p>\n<p><\/p>\n<p>Wenn Sie auf unserer Website <a href=\"https:\/\/www.brasseurs-air-re2020.com\/de\/\">www.brasseurs-air-re2020.com<\/a>, ein Formular ausf\u00fcllen, erkl\u00e4ren Sie sich damit einverstanden, dass wir es f\u00fcr Marketingzwecke verwenden. Alle Formulare, die von Benutzern der Website <a href=\"https:\/\/www.brasseurs-air-re2020.com\/de\/\">www.brasseurs-air-re2020.com<\/a> ausgef\u00fcllt werden, k\u00f6nnen f\u00fcr kommerzielle Zwecke verwendet werden.<\/p>\n<p><\/p>\n<p>Sie k\u00f6nnen unsere Datenbanken verlassen :<\/p>\n<p><\/p>\n<ul>\n<li><strong>Auf einfache schriftliche oder m\u00fcndliche Anfrage bei unseren Diensten (<a href=\"mailto:contact@brasseurs-air-re2020.com\">contact@brasseurs-air-re2020.com<\/a><\/strong> <strong>oder +33 4 92 38 96 50)<\/strong><\/li>\n<li><strong>Indem Sie sich von einer unserer E-Mails abmelden (Link zum Abmelden am Ende der E-Mail).<\/strong><\/li>\n<\/ul>\n<p><\/p>\n<p>Sie k\u00f6nnen uns auch bitten, bestimmte Daten \u00fcber Sie (E-Mail, Telefon, Postanschrift) zu \u00e4ndern oder teilweise zu l\u00f6schen, indem Sie einen einfachen schriftlichen oder m\u00fcndlichen Antrag an unsere Dienste stellen (<a href=\"mailto:contact@brasseurs-air-re2020.com\">contact@brasseurs-air-re2020.com<\/a> oder +33 4 92 38 96 50)<\/p>\n<p>[\/et_pb_text][\/et_pb_column][\/et_pb_row][\/et_pb_section]<\/p>\n","protected":false},"excerpt":{"rendered":"<p>Rechtliche HinweiseEigent\u00fcmer der Website &amp; Verantwortlicher f\u00fcr die Ver\u00f6ffentlichungSAS BRASSEURS D&#8217;AIR2 Avenue Pythagore06560 ValbonneFranceRCS GRASSE &#8211; 909 184 970TVA FR88909184970Verantwortlich f\u00fcr die Ver\u00f6ffentlichungPierre LacarriereHosting der WebsiteOVHUrheberrechteDie gesamte Website unterliegt der franz\u00f6sischen Gesetzgebung \u00fcber das Urheberrecht und das geistige Eigentum. In Anwendung des Gesetzes vom 11. M\u00e4rz 1957 (Art. 41) und des Gesetzes \u00fcber geistiges Eigentum [&hellip;]<\/p>\n","protected":false},"author":1,"featured_media":0,"parent":0,"menu_order":0,"comment_status":"closed","ping_status":"closed","template":"","meta":{"_et_pb_use_builder":"on","_et_pb_old_content":"","_et_gb_content_width":"","footnotes":""},"class_list":["post-7332","page","type-page","status-publish","hentry"],"yoast_head":"<!-- This site is optimized with the Yoast SEO plugin v26.7 - https:\/\/yoast.com\/wordpress\/plugins\/seo\/ -->\n<title>Rechtliche Hinweise - Brasseurs Air RE2020<\/title>\n<meta name=\"robots\" content=\"noindex, nofollow\" \/>\n<meta property=\"og:locale\" content=\"de_DE\" \/>\n<meta property=\"og:type\" content=\"article\" \/>\n<meta property=\"og:title\" content=\"Rechtliche Hinweise - Brasseurs Air RE2020\" \/>\n<meta property=\"og:description\" content=\"Rechtliche HinweiseEigent\u00fcmer der Website &amp; Verantwortlicher f\u00fcr die Ver\u00f6ffentlichungSAS BRASSEURS D&#039;AIR2 Avenue Pythagore06560 ValbonneFranceRCS GRASSE - 909 184 970TVA FR88909184970Verantwortlich f\u00fcr die Ver\u00f6ffentlichungPierre LacarriereHosting der WebsiteOVHUrheberrechteDie gesamte Website unterliegt der franz\u00f6sischen Gesetzgebung \u00fcber das Urheberrecht und das geistige Eigentum. In Anwendung des Gesetzes vom 11. M\u00e4rz 1957 (Art. 41) und des Gesetzes \u00fcber geistiges Eigentum [&hellip;]\" \/>\n<meta property=\"og:url\" content=\"https:\/\/www.brasseurs-air-re2020.com\/de\/rechtliche-hinweise\/\" \/>\n<meta property=\"og:site_name\" content=\"Brasseurs Air RE2020\" \/>\n<meta property=\"article:modified_time\" content=\"2026-02-09T15:52:50+00:00\" \/>\n<meta name=\"twitter:card\" content=\"summary_large_image\" \/>\n<meta name=\"twitter:label1\" content=\"Gesch\u00e4tzte Lesezeit\" \/>\n\t<meta name=\"twitter:data1\" content=\"4\u00a0Minuten\" \/>\n<script type=\"application\/ld+json\" class=\"yoast-schema-graph\">{\"@context\":\"https:\/\/schema.org\",\"@graph\":[{\"@type\":\"WebPage\",\"@id\":\"https:\/\/www.brasseurs-air-re2020.com\/de\/rechtliche-hinweise\/\",\"url\":\"https:\/\/www.brasseurs-air-re2020.com\/de\/rechtliche-hinweise\/\",\"name\":\"Rechtliche Hinweise - Brasseurs Air RE2020\",\"isPartOf\":{\"@id\":\"https:\/\/www.brasseurs-air-re2020.com\/de\/#website\"},\"datePublished\":\"2024-05-24T11:52:30+00:00\",\"dateModified\":\"2026-02-09T15:52:50+00:00\",\"breadcrumb\":{\"@id\":\"https:\/\/www.brasseurs-air-re2020.com\/de\/rechtliche-hinweise\/#breadcrumb\"},\"inLanguage\":\"de\",\"potentialAction\":[{\"@type\":\"ReadAction\",\"target\":[\"https:\/\/www.brasseurs-air-re2020.com\/de\/rechtliche-hinweise\/\"]}]},{\"@type\":\"BreadcrumbList\",\"@id\":\"https:\/\/www.brasseurs-air-re2020.com\/de\/rechtliche-hinweise\/#breadcrumb\",\"itemListElement\":[{\"@type\":\"ListItem\",\"position\":1,\"name\":\"Deckenventilatoren\",\"item\":\"https:\/\/www.brasseurs-air-re2020.com\/de\/\"},{\"@type\":\"ListItem\",\"position\":2,\"name\":\"Rechtliche Hinweise\"}]},{\"@type\":\"WebSite\",\"@id\":\"https:\/\/www.brasseurs-air-re2020.com\/de\/#website\",\"url\":\"https:\/\/www.brasseurs-air-re2020.com\/de\/\",\"name\":\"Brasseurs Air RE2020\",\"description\":\"\",\"publisher\":{\"@id\":\"https:\/\/www.brasseurs-air-re2020.com\/de\/#organization\"},\"potentialAction\":[{\"@type\":\"SearchAction\",\"target\":{\"@type\":\"EntryPoint\",\"urlTemplate\":\"https:\/\/www.brasseurs-air-re2020.com\/de\/?s={search_term_string}\"},\"query-input\":{\"@type\":\"PropertyValueSpecification\",\"valueRequired\":true,\"valueName\":\"search_term_string\"}}],\"inLanguage\":\"de\"},{\"@type\":\"Organization\",\"@id\":\"https:\/\/www.brasseurs-air-re2020.com\/de\/#organization\",\"name\":\"Brasseurs d'air RE2020\",\"url\":\"https:\/\/www.brasseurs-air-re2020.com\/de\/\",\"logo\":{\"@type\":\"ImageObject\",\"inLanguage\":\"de\",\"@id\":\"https:\/\/www.brasseurs-air-re2020.com\/de\/#\/schema\/logo\/image\/\",\"url\":\"https:\/\/www.brasseurs-air-re2020.com\/wp-content\/uploads\/2021\/12\/logo-brasseur-air-re-2020-new-01.png\",\"contentUrl\":\"https:\/\/www.brasseurs-air-re2020.com\/wp-content\/uploads\/2021\/12\/logo-brasseur-air-re-2020-new-01.png\",\"width\":200,\"height\":50,\"caption\":\"Brasseurs d'air RE2020\"},\"image\":{\"@id\":\"https:\/\/www.brasseurs-air-re2020.com\/de\/#\/schema\/logo\/image\/\"},\"sameAs\":[\"https:\/\/www.linkedin.com\/company\/brasseurs-d-air-re2020\/\"]}]}<\/script>\n<!-- \/ Yoast SEO plugin. -->","yoast_head_json":{"title":"Rechtliche Hinweise - Brasseurs Air RE2020","robots":{"index":"noindex","follow":"nofollow"},"og_locale":"de_DE","og_type":"article","og_title":"Rechtliche Hinweise - Brasseurs Air RE2020","og_description":"Rechtliche HinweiseEigent\u00fcmer der Website &amp; Verantwortlicher f\u00fcr die Ver\u00f6ffentlichungSAS BRASSEURS D'AIR2 Avenue Pythagore06560 ValbonneFranceRCS GRASSE - 909 184 970TVA FR88909184970Verantwortlich f\u00fcr die Ver\u00f6ffentlichungPierre LacarriereHosting der WebsiteOVHUrheberrechteDie gesamte Website unterliegt der franz\u00f6sischen Gesetzgebung \u00fcber das Urheberrecht und das geistige Eigentum. In Anwendung des Gesetzes vom 11. M\u00e4rz 1957 (Art. 41) und des Gesetzes \u00fcber geistiges Eigentum [&hellip;]","og_url":"https:\/\/www.brasseurs-air-re2020.com\/de\/rechtliche-hinweise\/","og_site_name":"Brasseurs Air RE2020","article_modified_time":"2026-02-09T15:52:50+00:00","twitter_card":"summary_large_image","twitter_misc":{"Gesch\u00e4tzte Lesezeit":"4\u00a0Minuten"},"schema":{"@context":"https:\/\/schema.org","@graph":[{"@type":"WebPage","@id":"https:\/\/www.brasseurs-air-re2020.com\/de\/rechtliche-hinweise\/","url":"https:\/\/www.brasseurs-air-re2020.com\/de\/rechtliche-hinweise\/","name":"Rechtliche Hinweise - Brasseurs Air RE2020","isPartOf":{"@id":"https:\/\/www.brasseurs-air-re2020.com\/de\/#website"},"datePublished":"2024-05-24T11:52:30+00:00","dateModified":"2026-02-09T15:52:50+00:00","breadcrumb":{"@id":"https:\/\/www.brasseurs-air-re2020.com\/de\/rechtliche-hinweise\/#breadcrumb"},"inLanguage":"de","potentialAction":[{"@type":"ReadAction","target":["https:\/\/www.brasseurs-air-re2020.com\/de\/rechtliche-hinweise\/"]}]},{"@type":"BreadcrumbList","@id":"https:\/\/www.brasseurs-air-re2020.com\/de\/rechtliche-hinweise\/#breadcrumb","itemListElement":[{"@type":"ListItem","position":1,"name":"Deckenventilatoren","item":"https:\/\/www.brasseurs-air-re2020.com\/de\/"},{"@type":"ListItem","position":2,"name":"Rechtliche Hinweise"}]},{"@type":"WebSite","@id":"https:\/\/www.brasseurs-air-re2020.com\/de\/#website","url":"https:\/\/www.brasseurs-air-re2020.com\/de\/","name":"Brasseurs Air RE2020","description":"","publisher":{"@id":"https:\/\/www.brasseurs-air-re2020.com\/de\/#organization"},"potentialAction":[{"@type":"SearchAction","target":{"@type":"EntryPoint","urlTemplate":"https:\/\/www.brasseurs-air-re2020.com\/de\/?s={search_term_string}"},"query-input":{"@type":"PropertyValueSpecification","valueRequired":true,"valueName":"search_term_string"}}],"inLanguage":"de"},{"@type":"Organization","@id":"https:\/\/www.brasseurs-air-re2020.com\/de\/#organization","name":"Brasseurs d'air RE2020","url":"https:\/\/www.brasseurs-air-re2020.com\/de\/","logo":{"@type":"ImageObject","inLanguage":"de","@id":"https:\/\/www.brasseurs-air-re2020.com\/de\/#\/schema\/logo\/image\/","url":"https:\/\/www.brasseurs-air-re2020.com\/wp-content\/uploads\/2021\/12\/logo-brasseur-air-re-2020-new-01.png","contentUrl":"https:\/\/www.brasseurs-air-re2020.com\/wp-content\/uploads\/2021\/12\/logo-brasseur-air-re-2020-new-01.png","width":200,"height":50,"caption":"Brasseurs d'air RE2020"},"image":{"@id":"https:\/\/www.brasseurs-air-re2020.com\/de\/#\/schema\/logo\/image\/"},"sameAs":["https:\/\/www.linkedin.com\/company\/brasseurs-d-air-re2020\/"]}]}},"_links":{"self":[{"href":"https:\/\/www.brasseurs-air-re2020.com\/de\/wp-json\/wp\/v2\/pages\/7332","targetHints":{"allow":["GET"]}}],"collection":[{"href":"https:\/\/www.brasseurs-air-re2020.com\/de\/wp-json\/wp\/v2\/pages"}],"about":[{"href":"https:\/\/www.brasseurs-air-re2020.com\/de\/wp-json\/wp\/v2\/types\/page"}],"author":[{"embeddable":true,"href":"https:\/\/www.brasseurs-air-re2020.com\/de\/wp-json\/wp\/v2\/users\/1"}],"replies":[{"embeddable":true,"href":"https:\/\/www.brasseurs-air-re2020.com\/de\/wp-json\/wp\/v2\/comments?post=7332"}],"version-history":[{"count":8,"href":"https:\/\/www.brasseurs-air-re2020.com\/de\/wp-json\/wp\/v2\/pages\/7332\/revisions"}],"predecessor-version":[{"id":17599,"href":"https:\/\/www.brasseurs-air-re2020.com\/de\/wp-json\/wp\/v2\/pages\/7332\/revisions\/17599"}],"wp:attachment":[{"href":"https:\/\/www.brasseurs-air-re2020.com\/de\/wp-json\/wp\/v2\/media?parent=7332"}],"curies":[{"name":"wp","href":"https:\/\/api.w.org\/{rel}","templated":true}]}}