{"id":16156,"date":"2025-11-21T00:08:54","date_gmt":"2025-11-20T23:08:54","guid":{"rendered":"https:\/\/www.brasseurs-air-re2020.com\/palehe\/"},"modified":"2025-11-21T00:08:56","modified_gmt":"2025-11-20T23:08:56","slug":"palehe","status":"publish","type":"page","link":"https:\/\/www.brasseurs-air-re2020.com\/es\/palehe\/","title":{"rendered":"Palehe"},"content":{"rendered":"<p>[et_pb_section fb_built=&#8221;1&#8243; admin_label=&#8221;section&#8221; _builder_version=&#8221;4.16&#8243; background_color=&#8221;#242424&#8243; custom_padding=&#8221;0px||0px||false|false&#8221; global_colors_info=&#8221;{}&#8221;][et_pb_row admin_label=&#8221;row&#8221; _builder_version=&#8221;4.16&#8243; background_size=&#8221;initial&#8221; background_position=&#8221;top_left&#8221; background_repeat=&#8221;repeat&#8221; custom_padding=&#8221;8px||6px||false|false&#8221; global_colors_info=&#8221;{}&#8221;][et_pb_column type=&#8221;4_4&#8243; _builder_version=&#8221;4.16&#8243; custom_padding=&#8221;|||&#8221; global_colors_info=&#8221;{}&#8221; custom_padding__hover=&#8221;|||&#8221;][et_pb_text _builder_version=&#8221;4.16&#8243; _module_preset=&#8221;default&#8221; text_text_color=&#8221;#FFFFFF&#8221; header_text_color=&#8221;#FFFFFF&#8221; header_font_size=&#8221;45px&#8221; text_orientation=&#8221;center&#8221; background_layout=&#8221;dark&#8221; custom_padding=&#8221;||||false|false&#8221; global_colors_info=&#8221;{}&#8221;]<\/p>\n<h1>Palehe<\/h1>\n<h2>El ventilador HVLS para vol\u00famenes muy grandes<\/h2>\n<p>[\/et_pb_text][\/et_pb_column][\/et_pb_row][\/et_pb_section][et_pb_section fb_built=&#8221;1&#8243; _builder_version=&#8221;4.16&#8243; _module_preset=&#8221;default&#8221; custom_padding=&#8221;||||false|false&#8221; global_colors_info=&#8221;{}&#8221;][et_pb_row column_structure=&#8221;1_2,1_2&#8243; _builder_version=&#8221;4.16&#8243; _module_preset=&#8221;default&#8221; background_size=&#8221;initial&#8221; background_position=&#8221;top_left&#8221; background_repeat=&#8221;repeat&#8221; custom_padding=&#8221;0px||0px||false|false&#8221; global_colors_info=&#8221;{}&#8221;][et_pb_column type=&#8221;1_2&#8243; _builder_version=&#8221;4.16&#8243; _module_preset=&#8221;default&#8221; global_colors_info=&#8221;{}&#8221;][et_pb_text _builder_version=&#8221;4.16&#8243; _module_preset=&#8221;default&#8221; header_4_font=&#8221;|600|||||||&#8221; header_4_line_height=&#8221;1.7em&#8221; custom_margin=&#8221;||15px||false|false&#8221; global_colors_info=&#8221;{}&#8221;]<\/p>\n<h4>Los ventiladores de techo con palas muy grandes, tambi\u00e9n llamados HVLS (HIGH VOLUME LOW SPEED), es decir, grandes vol\u00famenes y baja velocidad, son ventiladores de techo con un di\u00e1metro que va de 2,50 m a cuatro metros. El objetivo de estos ventiladores gigantes HVLS es cubrir una superficie muy grande o una altura muy elevada, como las que se encuentran en hangares, almacenes, gimnasios&#8230;<\/h4>\n<p>Los ventiladores HVLS utilizan su gran tama\u00f1o para mover grandes masas de aire. Son muy eficientes en t\u00e9rminos de caudal de aire y rendimiento energ\u00e9tico.<\/p>\n<p>Los ventiladores HVLS se utilizan tanto para el confort invernal (hacer descender el aire caliente acumulado en el techo) y as\u00ed mejorar el rendimiento de los sistemas de calefacci\u00f3n mediante desestratificaci\u00f3n.<\/p>\n<p>Los ventiladores HVLS tambi\u00e9n se utilizan para el confort veraniego, generando velocidad de aire para mejorar la comodidad de los usuarios a trav\u00e9s de la evaporaci\u00f3n y transpiraci\u00f3n (v\u00e9ase el diagrama de Givoni).<\/p>\n<p>[\/et_pb_text][\/et_pb_column][et_pb_column type=&#8221;1_2&#8243; _builder_version=&#8221;4.16&#8243; _module_preset=&#8221;default&#8221; global_colors_info=&#8221;{}&#8221;][et_pb_image src=&#8221;https:\/\/www.brasseurs-air-re2020.com\/wp-content\/uploads\/2025\/10\/diagramme-de-givoni-01-ESP.jpg&#8221; title_text=&#8221;diagramme-de-givoni-01&#8243; _builder_version=&#8221;4.16&#8243; _module_preset=&#8221;default&#8221; global_colors_info=&#8221;{}&#8221;][\/et_pb_image][\/et_pb_column][\/et_pb_row][\/et_pb_section][et_pb_section fb_built=&#8221;1&#8243; _builder_version=&#8221;4.16&#8243; _module_preset=&#8221;default&#8221; border_width_top=&#8221;1px&#8221; border_color_top=&#8221;#e8e8e8&#8243; global_colors_info=&#8221;{}&#8221;][et_pb_row column_structure=&#8221;1_2,1_2&#8243; _builder_version=&#8221;4.16&#8243; _module_preset=&#8221;default&#8221; background_size=&#8221;initial&#8221; background_position=&#8221;top_left&#8221; background_repeat=&#8221;repeat&#8221; custom_padding=&#8221;0px||0px||false|false&#8221; global_colors_info=&#8221;{}&#8221;][et_pb_column type=&#8221;1_2&#8243; _builder_version=&#8221;4.16&#8243; _module_preset=&#8221;default&#8221; global_colors_info=&#8221;{}&#8221;][et_pb_text _builder_version=&#8221;4.23.4&#8243; _module_preset=&#8221;default&#8221; global_colors_info=&#8221;{}&#8221;]<\/p>\n<p>Los ventiladores HVLS son la soluci\u00f3n para espacios muy grandes o con altos vol\u00famenes, donde los ventiladores tradicionales se ver\u00edan limitados por su caudal y tama\u00f1o.<\/p>\n<p>La lenta rotaci\u00f3n de las palas no resulta molesta en t\u00e9rminos de ruido (que se mantiene por debajo de 60 dB).<\/p>\n<p>Cabe destacar que los espacios de muy gran volumen suelen presentar problemas dif\u00edciles de resolver, con costos astron\u00f3micos en calefacci\u00f3n (el calor se acumula en el techo) o en aire acondicionado ineficiente.<br \/>La diferencia de temperatura entre el suelo y el techo puede superar r\u00e1pidamente varios grados.<br \/>Esto genera una gran sensaci\u00f3n de incomodidad para los usuarios.<\/p>\n<p>Los ventiladores PALEHE HVLS tienen, por tanto, un lugar ideal en un almac\u00e9n, un hangar o un gimnasio.<br \/>Ofrecer\u00e1n importantes ahorros de energ\u00eda (mediante desestratificaci\u00f3n) y una mejora notable del confort.<\/p>\n<p>Se presentan en 3 modelos de 3 m, 3,6 m o 4,2 m, cuyas caracter\u00edsticas se detallan a continuaci\u00f3n:<\/p>\n<p>No dude en ponerse en contacto con nosotros para m\u00e1s informaci\u00f3n, para ayuda en la redacci\u00f3n de una cl\u00e1usula tipo CCTP o para elegir el modelo m\u00e1s adecuado.<\/p>\n<p>[\/et_pb_text][\/et_pb_column][et_pb_column type=&#8221;1_2&#8243; _builder_version=&#8221;4.16&#8243; _module_preset=&#8221;default&#8221; global_colors_info=&#8221;{}&#8221;][et_pb_image src=&#8221;https:\/\/www.brasseurs-air-re2020.com\/wp-content\/uploads\/2021\/10\/palehe-brasseur-air-03.jpg&#8221; alt=&#8221;El ventilador HVLS Palehe para espacios de muy gran volumen.&#8221; title_text=&#8221;palehe-brasseur-air-03&#8243; _builder_version=&#8221;4.23.4&#8243; _module_preset=&#8221;default&#8221; global_colors_info=&#8221;{}&#8221;][\/et_pb_image][\/et_pb_column][\/et_pb_row][\/et_pb_section][et_pb_section fb_built=&#8221;1&#8243; disabled_on=&#8221;on|on|on&#8221; admin_label=&#8221;section&#8221; _builder_version=&#8221;4.16&#8243; background_color=&#8221;#242424&#8243; custom_margin=&#8221;||||false|false&#8221; custom_padding=&#8221;||||false|false&#8221; disabled=&#8221;on&#8221; global_colors_info=&#8221;{}&#8221;][et_pb_row column_structure=&#8221;1_3,1_3,1_3&#8243; _builder_version=&#8221;4.16&#8243; _module_preset=&#8221;default&#8221; background_size=&#8221;initial&#8221; background_position=&#8221;top_left&#8221; background_repeat=&#8221;repeat&#8221; custom_padding=&#8221;0px||0px||false|false&#8221; global_colors_info=&#8221;{}&#8221;][et_pb_column type=&#8221;1_3&#8243; _builder_version=&#8221;4.16&#8243; _module_preset=&#8221;default&#8221; global_colors_info=&#8221;{}&#8221;][et_pb_text _builder_version=&#8221;4.27.0&#8243; _module_preset=&#8221;default&#8221; header_2_line_height=&#8221;1.7em&#8221; header_4_font_size=&#8221;20px&#8221; header_4_line_height=&#8221;1.7em&#8221; background_layout=&#8221;dark&#8221; locked=&#8221;off&#8221; global_colors_info=&#8221;{}&#8221;]<\/p>\n<h2>Caracter\u00edsticas t\u00e9cnicas<\/h2>\n<h4><em>Referencia Modelo 4000<\/em><\/h4>\n<p>Di\u00e1metro (m): 4<br \/>N\u00famero de aspas: 5<br \/>Peso (instalado) (kg): 82<br \/>Velocidad m\u00e1xima (rpm): 95<br \/>Consumo m\u00e1ximo (kW): 0,435<br \/>Corriente m\u00e1xima absorbida (A): 0,93<br \/>Nivel de ruido m\u00e1ximo: &lt;55 dB<br \/>Caudal de aire (m\u00b3\/h): 350.000<br \/>Tipo de motor: DC sin escobillas (Brushless)<br \/>Distancia m\u00ednima al techo (m): 1<br \/>Material de las aspas: aluminio<br \/>Corriente 200-480V trif\u00e1sico 50-60 Hz: S\u00ed<\/p>\n<p>[\/et_pb_text][\/et_pb_column][et_pb_column type=&#8221;1_3&#8243; _builder_version=&#8221;4.16&#8243; _module_preset=&#8221;default&#8221; global_colors_info=&#8221;{}&#8221;][et_pb_text _builder_version=&#8221;4.16&#8243; _module_preset=&#8221;default&#8221; header_2_line_height=&#8221;1.7em&#8221; header_4_font_size=&#8221;20px&#8221; header_4_line_height=&#8221;1.7em&#8221; background_layout=&#8221;dark&#8221; locked=&#8221;off&#8221; global_colors_info=&#8221;{}&#8221;]<\/p>\n<h4><em>Referencia Modelo 3000<\/em><\/h4>\n<p>Di\u00e1metro (m): 3<br \/>N\u00famero de aspas: 5<br \/>Peso (instalado) (kg): 70<br \/>Velocidad m\u00e1xima (rpm): 140<br \/>Consumo m\u00e1ximo (kW): 0,725<br \/>Corriente m\u00e1xima absorbida (A): 1,97<br \/>Nivel de ruido m\u00e1ximo: &lt;60 dB<br \/>Caudal de aire (m\u00b3\/h): 280.000<br \/>Tipo de motor: DC sin escobillas (Brushless)<br \/>Distancia m\u00ednima al techo (m): 1<br \/>Material de las aspas: aluminio<br \/>Corriente 200-480V trif\u00e1sico 50-60 Hz: S\u00ed<\/p>\n<p>[\/et_pb_text][\/et_pb_column][et_pb_column type=&#8221;1_3&#8243; _builder_version=&#8221;4.16&#8243; _module_preset=&#8221;default&#8221; global_colors_info=&#8221;{}&#8221;][et_pb_text _builder_version=&#8221;4.27.0&#8243; _module_preset=&#8221;default&#8221; header_2_line_height=&#8221;1.7em&#8221; header_4_font_size=&#8221;20px&#8221; header_4_line_height=&#8221;1.7em&#8221; background_layout=&#8221;dark&#8221; locked=&#8221;off&#8221; global_colors_info=&#8221;{}&#8221;]<\/p>\n<h4><em>Referencia Modelo 2500<\/em><\/h4>\n<p>Di\u00e1metro (m): 2,5<br \/>N\u00famero de aspas: 5<br \/>Peso (instalado) (kg): 65,5<br \/>Velocidad m\u00e1xima (rpm): 150<br \/>Consumo m\u00e1ximo (kW): 1<br \/>Corriente m\u00e1xima absorbida (A): 2,5<br \/>Nivel de ruido m\u00e1ximo: &lt;60 dB<br \/>Caudal de aire (m\u00b3\/h): 190.000<br \/>Tipo de motor: DC sin escobillas (Brushless)<br \/>Distancia m\u00ednima al techo (m): 0,75<br \/>Material de las aspas: aluminio<br \/>Corriente 200-480V trif\u00e1sico 50-60 Hz: S\u00ed<\/p>\n<p>[\/et_pb_text][\/et_pb_column][\/et_pb_row][\/et_pb_section][et_pb_section fb_built=&#8221;1&#8243; _builder_version=&#8221;4.16&#8243; _module_preset=&#8221;default&#8221; border_width_top=&#8221;1px&#8221; border_color_top=&#8221;#e8e8e8&#8243; global_colors_info=&#8221;{}&#8221;][et_pb_row _builder_version=&#8221;4.16&#8243; _module_preset=&#8221;default&#8221; background_size=&#8221;initial&#8221; background_position=&#8221;top_left&#8221; background_repeat=&#8221;repeat&#8221; custom_padding=&#8221;0px||0px||false|false&#8221; global_colors_info=&#8221;{}&#8221;][et_pb_column type=&#8221;4_4&#8243; _builder_version=&#8221;4.16&#8243; _module_preset=&#8221;default&#8221; global_colors_info=&#8221;{}&#8221;][et_pb_text _builder_version=&#8221;4.16&#8243; _module_preset=&#8221;default&#8221; global_colors_info=&#8221;{}&#8221;]<\/p>\n<h2>Un flujo de aire que puede alcanzar hasta 4 veces el di\u00e1metro del Palehe<\/h2>\n<p>[\/et_pb_text][et_pb_image src=&#8221;https:\/\/www.brasseurs-air-re2020.com\/wp-content\/uploads\/2021\/11\/flux-ventilateur-palehe-01.jpg&#8221; alt=&#8221;Flujo de aire del ventilador HVLS Palehe&#8221; title_text=&#8221;flux-ventilateur-palehe-01&#8243; align=&#8221;center&#8221; force_fullwidth=&#8221;on&#8221; _builder_version=&#8221;4.23.4&#8243; _module_preset=&#8221;default&#8221; global_colors_info=&#8221;{}&#8221;][\/et_pb_image][et_pb_text _builder_version=&#8221;4.16&#8243; _module_preset=&#8221;default&#8221; global_colors_info=&#8221;{}&#8221;]<\/p>\n<p>Este sistema de ventilaci\u00f3n se utiliza en grandes espacios como f\u00e1bricas de producci\u00f3n, centros log\u00edsticos, gimnasios, grandes almacenes, donde los sistemas de aire acondicionado son muy costosos tanto en inversi\u00f3n inicial como en costos operativos posteriores.<\/p>\n<p>Nuestro ventilador Palehe HVLS permite reducir la temperatura percibida de 2 \u00b0 a 6 \u00b0C en confort de verano, mientras que en confort de invierno, el modo de desestratificaci\u00f3n permite homogeneizar la temperatura del local y lograr un ahorro energ\u00e9tico significativo de aproximadamente un 30 %.<\/p>\n<p>Esta mejora puede observarse como se indica en el cuadro &#8220;Diagrama de confort t\u00e9rmico&#8221; creado por el Executive para la salud y seguridad de la Universidad de Berkeley.<\/p>\n<p>Otros beneficios destacados de los ventiladores HVLS son:<\/p>\n<ul>\n<li>Reducen la proliferaci\u00f3n de virus, bacterias y mohos.<\/li>\n<li>Evitan la formaci\u00f3n de condensaci\u00f3n en el suelo, previniendo as\u00ed el deterioro de materiales y\/o maquinaria.<\/li>\n<li>Aumentan la productividad de los operadores gracias a un mejor confort en el lugar de trabajo.<\/li>\n<li>Tienen un consumo extremadamente bajo (motor con inversor integrado).<\/li>\n<li>Tambi\u00e9n pueden instalarse sobre sistemas de calefacci\u00f3n\/refrigeraci\u00f3n existentes.<\/li>\n<li>Se pueden instalar de manera progresiva, evitando inversiones econ\u00f3micas elevadas de una sola vez.<\/li>\n<\/ul>\n<p>[\/et_pb_text][\/et_pb_column][\/et_pb_row][\/et_pb_section][et_pb_section fb_built=&#8221;1&#8243; disabled_on=&#8221;on|on|on&#8221; _builder_version=&#8221;4.16&#8243; _module_preset=&#8221;default&#8221; disabled=&#8221;on&#8221; global_colors_info=&#8221;{}&#8221;][et_pb_row _builder_version=&#8221;4.16&#8243; _module_preset=&#8221;default&#8221; background_size=&#8221;initial&#8221; background_position=&#8221;top_left&#8221; background_repeat=&#8221;repeat&#8221; custom_padding=&#8221;19px||0px||false|false&#8221; locked=&#8221;off&#8221; global_colors_info=&#8221;{}&#8221;][et_pb_column type=&#8221;4_4&#8243; _builder_version=&#8221;4.16&#8243; _module_preset=&#8221;default&#8221; global_colors_info=&#8221;{}&#8221;][et_pb_text _builder_version=&#8221;4.16&#8243; _module_preset=&#8221;default&#8221; header_3_font_size=&#8221;26px&#8221; text_orientation=&#8221;center&#8221; global_colors_info=&#8221;{}&#8221;]<\/p>\n<h3><i>Valorado en la RE2020<\/i><\/h3>\n<p>[\/et_pb_text][\/et_pb_column][\/et_pb_row][et_pb_row admin_label=&#8221;row&#8221; _builder_version=&#8221;4.16&#8243; background_size=&#8221;initial&#8221; background_position=&#8221;top_left&#8221; background_repeat=&#8221;repeat&#8221; custom_padding=&#8221;||0px||false|false&#8221; global_colors_info=&#8221;{}&#8221;][et_pb_column type=&#8221;4_4&#8243; _builder_version=&#8221;4.16&#8243; custom_padding=&#8221;|||&#8221; global_colors_info=&#8221;{}&#8221; custom_padding__hover=&#8221;|||&#8221;][et_pb_image src=&#8221;https:\/\/www.brasseurs-air-re2020.com\/wp-content\/uploads\/2021\/10\/re2020-bandeau-01.jpg&#8221; title_text=&#8221;re2020-bandeau-01&#8243; align=&#8221;center&#8221; _builder_version=&#8221;4.16&#8243; _module_preset=&#8221;default&#8221; global_colors_info=&#8221;{}&#8221;][\/et_pb_image][\/et_pb_column][\/et_pb_row][\/et_pb_section]<\/p>\n","protected":false},"excerpt":{"rendered":"<p>Palehe El ventilador HVLS para vol\u00famenes muy grandesLos ventiladores de techo con palas muy grandes, tambi\u00e9n llamados HVLS (HIGH VOLUME LOW SPEED), es decir, grandes vol\u00famenes y baja velocidad, son ventiladores de techo con un di\u00e1metro que va de 2,50 m a cuatro metros. El objetivo de estos ventiladores gigantes HVLS es cubrir una superficie [&hellip;]<\/p>\n","protected":false},"author":1,"featured_media":0,"parent":0,"menu_order":0,"comment_status":"closed","ping_status":"closed","template":"","meta":{"_et_pb_use_builder":"on","_et_pb_old_content":"","_et_gb_content_width":"","footnotes":""},"class_list":["post-16156","page","type-page","status-publish","hentry"],"yoast_head":"<!-- This site is optimized with the Yoast SEO plugin v26.7 - https:\/\/yoast.com\/wordpress\/plugins\/seo\/ -->\n<title>Palehe - Brasseurs Air RE2020<\/title>\n<meta name=\"description\" content=\"El ventilador HVLS Palehe permite ventilar espacios y superficies muy grandes. Tiene un di\u00e1metro de 2,50 m.\" \/>\n<meta name=\"robots\" content=\"index, follow, max-snippet:-1, max-image-preview:large, max-video-preview:-1\" \/>\n<link rel=\"canonical\" href=\"https:\/\/www.brasseurs-air-re2020.com\/es\/palehe\/\" \/>\n<meta property=\"og:locale\" content=\"es_ES\" \/>\n<meta property=\"og:type\" content=\"article\" \/>\n<meta property=\"og:title\" content=\"Palehe - Brasseurs Air RE2020\" \/>\n<meta property=\"og:description\" content=\"El ventilador HVLS Palehe permite ventilar espacios y superficies muy grandes. Tiene un di\u00e1metro de 2,50 m.\" \/>\n<meta property=\"og:url\" content=\"https:\/\/www.brasseurs-air-re2020.com\/es\/palehe\/\" \/>\n<meta property=\"og:site_name\" content=\"Brasseurs Air RE2020\" \/>\n<meta property=\"article:modified_time\" content=\"2025-11-20T23:08:56+00:00\" \/>\n<meta name=\"twitter:card\" content=\"summary_large_image\" \/>\n<meta name=\"twitter:label1\" content=\"Tiempo de lectura\" \/>\n\t<meta name=\"twitter:data1\" content=\"8 minutos\" \/>\n<script type=\"application\/ld+json\" class=\"yoast-schema-graph\">{\"@context\":\"https:\/\/schema.org\",\"@graph\":[{\"@type\":\"WebPage\",\"@id\":\"https:\/\/www.brasseurs-air-re2020.com\/es\/palehe\/\",\"url\":\"https:\/\/www.brasseurs-air-re2020.com\/es\/palehe\/\",\"name\":\"Palehe - Brasseurs Air RE2020\",\"isPartOf\":{\"@id\":\"https:\/\/www.brasseurs-air-re2020.com\/es\/#website\"},\"datePublished\":\"2025-11-20T23:08:54+00:00\",\"dateModified\":\"2025-11-20T23:08:56+00:00\",\"description\":\"El ventilador HVLS Palehe permite ventilar espacios y superficies muy grandes. Tiene un di\u00e1metro de 2,50 m.\",\"breadcrumb\":{\"@id\":\"https:\/\/www.brasseurs-air-re2020.com\/es\/palehe\/#breadcrumb\"},\"inLanguage\":\"es\",\"potentialAction\":[{\"@type\":\"ReadAction\",\"target\":[\"https:\/\/www.brasseurs-air-re2020.com\/es\/palehe\/\"]}]},{\"@type\":\"BreadcrumbList\",\"@id\":\"https:\/\/www.brasseurs-air-re2020.com\/es\/palehe\/#breadcrumb\",\"itemListElement\":[{\"@type\":\"ListItem\",\"position\":1,\"name\":\"Brasseur d\u2019air\",\"item\":\"https:\/\/www.brasseurs-air-re2020.com\/es\/\"},{\"@type\":\"ListItem\",\"position\":2,\"name\":\"Palehe\"}]},{\"@type\":\"WebSite\",\"@id\":\"https:\/\/www.brasseurs-air-re2020.com\/es\/#website\",\"url\":\"https:\/\/www.brasseurs-air-re2020.com\/es\/\",\"name\":\"Brasseurs Air RE2020\",\"description\":\"\",\"publisher\":{\"@id\":\"https:\/\/www.brasseurs-air-re2020.com\/es\/#organization\"},\"potentialAction\":[{\"@type\":\"SearchAction\",\"target\":{\"@type\":\"EntryPoint\",\"urlTemplate\":\"https:\/\/www.brasseurs-air-re2020.com\/es\/?s={search_term_string}\"},\"query-input\":{\"@type\":\"PropertyValueSpecification\",\"valueRequired\":true,\"valueName\":\"search_term_string\"}}],\"inLanguage\":\"es\"},{\"@type\":\"Organization\",\"@id\":\"https:\/\/www.brasseurs-air-re2020.com\/es\/#organization\",\"name\":\"Brasseurs d'air RE2020\",\"url\":\"https:\/\/www.brasseurs-air-re2020.com\/es\/\",\"logo\":{\"@type\":\"ImageObject\",\"inLanguage\":\"es\",\"@id\":\"https:\/\/www.brasseurs-air-re2020.com\/es\/#\/schema\/logo\/image\/\",\"url\":\"https:\/\/www.brasseurs-air-re2020.com\/wp-content\/uploads\/2021\/12\/logo-brasseur-air-re-2020-new-01.png\",\"contentUrl\":\"https:\/\/www.brasseurs-air-re2020.com\/wp-content\/uploads\/2021\/12\/logo-brasseur-air-re-2020-new-01.png\",\"width\":200,\"height\":50,\"caption\":\"Brasseurs d'air RE2020\"},\"image\":{\"@id\":\"https:\/\/www.brasseurs-air-re2020.com\/es\/#\/schema\/logo\/image\/\"},\"sameAs\":[\"https:\/\/www.linkedin.com\/company\/brasseurs-d-air-re2020\/\"]}]}<\/script>\n<!-- \/ Yoast SEO plugin. -->","yoast_head_json":{"title":"Palehe - Brasseurs Air RE2020","description":"El ventilador HVLS Palehe permite ventilar espacios y superficies muy grandes. Tiene un di\u00e1metro de 2,50 m.","robots":{"index":"index","follow":"follow","max-snippet":"max-snippet:-1","max-image-preview":"max-image-preview:large","max-video-preview":"max-video-preview:-1"},"canonical":"https:\/\/www.brasseurs-air-re2020.com\/es\/palehe\/","og_locale":"es_ES","og_type":"article","og_title":"Palehe - Brasseurs Air RE2020","og_description":"El ventilador HVLS Palehe permite ventilar espacios y superficies muy grandes. Tiene un di\u00e1metro de 2,50 m.","og_url":"https:\/\/www.brasseurs-air-re2020.com\/es\/palehe\/","og_site_name":"Brasseurs Air RE2020","article_modified_time":"2025-11-20T23:08:56+00:00","twitter_card":"summary_large_image","twitter_misc":{"Tiempo de lectura":"8 minutos"},"schema":{"@context":"https:\/\/schema.org","@graph":[{"@type":"WebPage","@id":"https:\/\/www.brasseurs-air-re2020.com\/es\/palehe\/","url":"https:\/\/www.brasseurs-air-re2020.com\/es\/palehe\/","name":"Palehe - Brasseurs Air RE2020","isPartOf":{"@id":"https:\/\/www.brasseurs-air-re2020.com\/es\/#website"},"datePublished":"2025-11-20T23:08:54+00:00","dateModified":"2025-11-20T23:08:56+00:00","description":"El ventilador HVLS Palehe permite ventilar espacios y superficies muy grandes. Tiene un di\u00e1metro de 2,50 m.","breadcrumb":{"@id":"https:\/\/www.brasseurs-air-re2020.com\/es\/palehe\/#breadcrumb"},"inLanguage":"es","potentialAction":[{"@type":"ReadAction","target":["https:\/\/www.brasseurs-air-re2020.com\/es\/palehe\/"]}]},{"@type":"BreadcrumbList","@id":"https:\/\/www.brasseurs-air-re2020.com\/es\/palehe\/#breadcrumb","itemListElement":[{"@type":"ListItem","position":1,"name":"Brasseur d\u2019air","item":"https:\/\/www.brasseurs-air-re2020.com\/es\/"},{"@type":"ListItem","position":2,"name":"Palehe"}]},{"@type":"WebSite","@id":"https:\/\/www.brasseurs-air-re2020.com\/es\/#website","url":"https:\/\/www.brasseurs-air-re2020.com\/es\/","name":"Brasseurs Air RE2020","description":"","publisher":{"@id":"https:\/\/www.brasseurs-air-re2020.com\/es\/#organization"},"potentialAction":[{"@type":"SearchAction","target":{"@type":"EntryPoint","urlTemplate":"https:\/\/www.brasseurs-air-re2020.com\/es\/?s={search_term_string}"},"query-input":{"@type":"PropertyValueSpecification","valueRequired":true,"valueName":"search_term_string"}}],"inLanguage":"es"},{"@type":"Organization","@id":"https:\/\/www.brasseurs-air-re2020.com\/es\/#organization","name":"Brasseurs d'air RE2020","url":"https:\/\/www.brasseurs-air-re2020.com\/es\/","logo":{"@type":"ImageObject","inLanguage":"es","@id":"https:\/\/www.brasseurs-air-re2020.com\/es\/#\/schema\/logo\/image\/","url":"https:\/\/www.brasseurs-air-re2020.com\/wp-content\/uploads\/2021\/12\/logo-brasseur-air-re-2020-new-01.png","contentUrl":"https:\/\/www.brasseurs-air-re2020.com\/wp-content\/uploads\/2021\/12\/logo-brasseur-air-re-2020-new-01.png","width":200,"height":50,"caption":"Brasseurs d'air RE2020"},"image":{"@id":"https:\/\/www.brasseurs-air-re2020.com\/es\/#\/schema\/logo\/image\/"},"sameAs":["https:\/\/www.linkedin.com\/company\/brasseurs-d-air-re2020\/"]}]}},"_links":{"self":[{"href":"https:\/\/www.brasseurs-air-re2020.com\/es\/wp-json\/wp\/v2\/pages\/16156","targetHints":{"allow":["GET"]}}],"collection":[{"href":"https:\/\/www.brasseurs-air-re2020.com\/es\/wp-json\/wp\/v2\/pages"}],"about":[{"href":"https:\/\/www.brasseurs-air-re2020.com\/es\/wp-json\/wp\/v2\/types\/page"}],"author":[{"embeddable":true,"href":"https:\/\/www.brasseurs-air-re2020.com\/es\/wp-json\/wp\/v2\/users\/1"}],"replies":[{"embeddable":true,"href":"https:\/\/www.brasseurs-air-re2020.com\/es\/wp-json\/wp\/v2\/comments?post=16156"}],"version-history":[{"count":3,"href":"https:\/\/www.brasseurs-air-re2020.com\/es\/wp-json\/wp\/v2\/pages\/16156\/revisions"}],"predecessor-version":[{"id":16159,"href":"https:\/\/www.brasseurs-air-re2020.com\/es\/wp-json\/wp\/v2\/pages\/16156\/revisions\/16159"}],"wp:attachment":[{"href":"https:\/\/www.brasseurs-air-re2020.com\/es\/wp-json\/wp\/v2\/media?parent=16156"}],"curies":[{"name":"wp","href":"https:\/\/api.w.org\/{rel}","templated":true}]}}