{"id":17600,"date":"2026-02-09T16:55:45","date_gmt":"2026-02-09T15:55:45","guid":{"rendered":"https:\/\/www.brasseurs-air-re2020.com\/aviso-legal\/"},"modified":"2026-02-09T16:55:47","modified_gmt":"2026-02-09T15:55:47","slug":"aviso-legal","status":"publish","type":"page","link":"https:\/\/www.brasseurs-air-re2020.com\/es\/aviso-legal\/","title":{"rendered":"Aviso legal"},"content":{"rendered":"<p>[et_pb_section fb_built=&#8221;1&#8243; admin_label=&#8221;section&#8221; _builder_version=&#8221;4.16&#8243; background_color=&#8221;#242424&#8243; custom_padding=&#8221;0px||0px||false|false&#8221; global_colors_info=&#8221;{}&#8221;][et_pb_row admin_label=&#8221;row&#8221; _builder_version=&#8221;4.16&#8243; background_size=&#8221;initial&#8221; background_position=&#8221;top_left&#8221; background_repeat=&#8221;repeat&#8221; custom_padding=&#8221;8px||6px||false|false&#8221; global_colors_info=&#8221;{}&#8221;][et_pb_column type=&#8221;4_4&#8243; _builder_version=&#8221;4.16&#8243; custom_padding=&#8221;|||&#8221; global_colors_info=&#8221;{}&#8221; custom_padding__hover=&#8221;|||&#8221;][et_pb_text _builder_version=&#8221;4.16&#8243; _module_preset=&#8221;default&#8221; text_text_color=&#8221;#FFFFFF&#8221; header_text_color=&#8221;#FFFFFF&#8221; header_font_size=&#8221;45px&#8221; text_orientation=&#8221;center&#8221; global_colors_info=&#8221;{}&#8221;]<\/p>\n<h1>Aviso legal<\/h1>\n<p>[\/et_pb_text][\/et_pb_column][\/et_pb_row][\/et_pb_section][et_pb_section fb_built=&#8221;1&#8243; admin_label=&#8221;section&#8221; _builder_version=&#8221;4.16&#8243; background_enable_color=&#8221;off&#8221; custom_margin=&#8221;||||false|false&#8221; custom_padding=&#8221;||||false|false&#8221; global_colors_info=&#8221;{}&#8221;][et_pb_row _builder_version=&#8221;4.16&#8243; _module_preset=&#8221;default&#8221; background_size=&#8221;initial&#8221; background_position=&#8221;top_left&#8221; background_repeat=&#8221;repeat&#8221; custom_padding=&#8221;||||false|false&#8221; global_colors_info=&#8221;{}&#8221;][et_pb_column type=&#8221;4_4&#8243; _builder_version=&#8221;4.16&#8243; _module_preset=&#8221;default&#8221; global_colors_info=&#8221;{}&#8221;][et_pb_text _builder_version=&#8221;4.27.5&#8243; _module_preset=&#8221;default&#8221; text_font_size=&#8221;16px&#8221; header_2_line_height=&#8221;1.7em&#8221; hover_enabled=&#8221;0&#8243; locked=&#8221;off&#8221; global_colors_info=&#8221;{}&#8221; sticky_enabled=&#8221;0&#8243;]<\/p>\n<h3>Propietario del sitio web y responsable de la publicaci\u00f3n<\/h3>\n<p><\/p>\n<p><strong>SAS BRASSEURS D&#8217;AIR<\/strong><\/p>\n<p><\/p>\n<p>La Noria 15, 806 route d&#8217;Antibes<br \/>06410 BIOT<br \/>Francia<br \/>RCS GRASSE &#8211; 909 184 970<br \/>IVA FR88909184970<\/p>\n<p><\/p>\n<h3>Responsable de la publicaci\u00f3n<\/h3>\n<p><\/p>\n<p>Pierre Lacarriere<\/p>\n<p><\/p>\n<h3>Alojamiento del sitio web<\/h3>\n<p><\/p>\n<p>OVH<\/p>\n<p><\/p>\n<h3>Derechos de autor<\/h3>\n<p><\/p>\n<p>Todo este sitio est\u00e1 sujeto a la legislaci\u00f3n francesa sobre derechos de autor y propiedad intelectual. De conformidad con la ley del 11 de marzo de 1957 (art. 41) y el C\u00f3digo de la Propiedad Intelectual del 1 de julio de 1992, queda prohibida cualquier representaci\u00f3n, reproducci\u00f3n, modificaci\u00f3n, uso comercial, total o parcial, as\u00ed como cualquier transferencia a otro sitio, salvo autorizaci\u00f3n expresa de la sociedad SAS BRASSEURS D&#8217;AIR. Los logotipos, elementos visuales y archivos PDF presentes en este sitio son propiedad de la sociedad SAS BRASSEURS D&#8217;AIR. Queda prohibida toda reproducci\u00f3n total o parcial de este sitio o de cualquiera de los elementos que lo componen. La sociedad SAS BRASSEURS D&#8217;AIR se reserva el derecho de reclamar da\u00f1os y perjuicios en caso de falsificaci\u00f3n y, de forma m\u00e1s general, de cualquier vulneraci\u00f3n de sus derechos de propiedad intelectual.<\/p>\n<p><\/p>\n<h3>Copyright SAS BRASSEURS D&#8217;AIR<\/h3>\n<p><\/p>\n<p>Todos los textos, contenidos visuales, esquemas, im\u00e1genes, v\u00eddeos y logotipos son propiedad de SAS BRASSEURS D&#8217;AIR.<\/p>\n<p><\/p>\n<p>Cualquier reproducci\u00f3n, incluso parcial, est\u00e1 estrictamente prohibida sin la autorizaci\u00f3n de SAS BRASSEURS D&#8217;AIR; cualquier infractor podr\u00e1 ser objeto de acciones legales.<\/p>\n<p><\/p>\n<p>Para cualquier solicitud, por favor env\u00ede un correo electr\u00f3nico a <a href=\"mailto:contact@brasseurs-air-re2020.com\">contact@brasseurs-air-re2020.com<\/a>.<\/p>\n<p><\/p>\n<h3>Cl\u00e1usula de exenci\u00f3n de responsabilidad<\/h3>\n<p><\/p>\n<p>El contenido de este sitio tiene como objetivo proporcionar informaci\u00f3n general sobre uno o varios equipos de ventilaci\u00f3n y brasseurs d&#8217;air. La informaci\u00f3n presente en este sitio web ha sido recopilada y verificada con el mayor cuidado. No obstante, declinamos toda responsabilidad respecto a su actualidad, exactitud, exhaustividad y\/o calidad.<\/p>\n<p><\/p>\n<p>No nos hacemos responsables en caso de fallo parcial o total en el uso de un producto. Los efectos descritos se indican a t\u00edtulo meramente orientativo y no constituyen en ning\u00fan caso una garant\u00eda de resultados para todos. Los testimonios, estudios de eficacia u otra informaci\u00f3n relativa al rendimiento de nuestros productos y servicios no garantizan un efecto id\u00e9ntico para todos los usuarios. Los resultados pueden variar de una persona a otra. Las im\u00e1genes y fotograf\u00edas utilizadas tienen un car\u00e1cter meramente ilustrativo y no pueden interpretarse como un resultado garantizado.<\/p>\n<p><\/p>\n<p>SAS BRASSEURS D&#8217;AIR declina toda responsabilidad por las acciones emprendidas bas\u00e1ndose en la informaci\u00f3n contenida en este sitio web.<\/p>\n<p><\/p>\n<p>El uso de este sitio web y la descarga de datos se realizan bajo su propia responsabilidad. SAS BRASSEURS D&#8217;AIR no se hace responsable de ning\u00fan da\u00f1o, en particular a los archivos de datos, equipos y\/o software del usuario, como consecuencia de dichas acciones.<\/p>\n<p><\/p>\n<h3>Directiva sobre la protecci\u00f3n de datos personales<\/h3>\n<p><\/p>\n<p>Nuestro sitio web <a href=\"https:\/\/www.brasseurs-air-re2020.com\/es\/\">www.brasseurs-air-re2020.com<\/a> recopila datos personales que le conciernen (nombre, apellidos, direcci\u00f3n, tel\u00e9fono, correo electr\u00f3nico). Estos datos se archivan y protegen en nuestra base de datos privada, respaldada por nuestro proveedor web.<\/p>\n<p><\/p>\n<p>Solo los empleados de SAS BRASSEURS D&#8217;AIR y de nuestro proveedor web tienen acceso a dichos datos.<\/p>\n<p><\/p>\n<p>\u00danicamente los empleados de SAS BRASSEURS D&#8217;AIR est\u00e1n autorizados a utilizarlos.<\/p>\n<p><\/p>\n<p>Al completar un formulario en nuestro sitio web <a href=\"https:\/\/www.brasseurs-air-re2020.com\/es\/\">www.brasseurs-air-re2020.com<\/a>, usted acepta que utilicemos estos datos con fines comerciales. Todos los formularios completados por los usuarios del sitio pueden ser utilizados para acciones comerciales.<\/p>\n<p><\/p>\n<p>Puede solicitar la baja de nuestras bases de datos:<\/p>\n<p><\/p>\n<ul>\n<li><strong>Mediante una simple solicitud escrita u oral dirigida a nuestros servicios (<a href=\"mailto:contact@brasseurs-air-re2020.com\">contact@brasseurs-air-re2020.com<\/a> o 04 92 38 96 50)<\/strong><\/li>\n<li><strong>D\u00e1ndose de baja de uno de nuestros correos electr\u00f3nicos (enlace \u201cDarse de baja\u201d al final del email)<\/strong><\/li>\n<\/ul>\n<p><\/p>\n<p>Tambi\u00e9n puede solicitarnos la modificaci\u00f3n o eliminaci\u00f3n parcial de algunos de sus datos personales (correo electr\u00f3nico, tel\u00e9fono, direcci\u00f3n postal) mediante una simple solicitud escrita u oral a nuestros servicios (<a href=\"mailto:contact@brasseurs-air-re2020.com\">contact@brasseurs-air-re2020.com<\/a> o 04 92 38 96 50).<\/p>\n<p>[\/et_pb_text][\/et_pb_column][\/et_pb_row][\/et_pb_section]<\/p>\n","protected":false},"excerpt":{"rendered":"<p>Aviso legalPropietario del sitio web y responsable de la publicaci\u00f3nSAS BRASSEURS D&#8217;AIRLa Noria 15, 806 route d&#8217;Antibes06410 BIOTFranciaRCS GRASSE &#8211; 909 184 970IVA FR88909184970Responsable de la publicaci\u00f3nPierre LacarriereAlojamiento del sitio webOVHDerechos de autorTodo este sitio est\u00e1 sujeto a la legislaci\u00f3n francesa sobre derechos de autor y propiedad intelectual. De conformidad con la ley del 11 [&hellip;]<\/p>\n","protected":false},"author":1,"featured_media":0,"parent":0,"menu_order":0,"comment_status":"closed","ping_status":"closed","template":"","meta":{"_et_pb_use_builder":"on","_et_pb_old_content":"","_et_gb_content_width":"","footnotes":""},"class_list":["post-17600","page","type-page","status-publish","hentry"],"yoast_head":"<!-- This site is optimized with the Yoast SEO plugin v26.7 - https:\/\/yoast.com\/wordpress\/plugins\/seo\/ -->\n<title>Aviso legal - Brasseurs Air RE2020<\/title>\n<meta name=\"robots\" content=\"noindex, nofollow\" \/>\n<meta property=\"og:locale\" content=\"es_ES\" \/>\n<meta property=\"og:type\" content=\"article\" \/>\n<meta property=\"og:title\" content=\"Aviso legal - Brasseurs Air RE2020\" \/>\n<meta property=\"og:description\" content=\"Aviso legalPropietario del sitio web y responsable de la publicaci\u00f3nSAS BRASSEURS D&#039;AIRLa Noria 15, 806 route d&#039;Antibes06410 BIOTFranciaRCS GRASSE - 909 184 970IVA FR88909184970Responsable de la publicaci\u00f3nPierre LacarriereAlojamiento del sitio webOVHDerechos de autorTodo este sitio est\u00e1 sujeto a la legislaci\u00f3n francesa sobre derechos de autor y propiedad intelectual. De conformidad con la ley del 11 [&hellip;]\" \/>\n<meta property=\"og:url\" content=\"https:\/\/www.brasseurs-air-re2020.com\/es\/aviso-legal\/\" \/>\n<meta property=\"og:site_name\" content=\"Brasseurs Air RE2020\" \/>\n<meta property=\"article:modified_time\" content=\"2026-02-09T15:55:47+00:00\" \/>\n<meta name=\"twitter:card\" content=\"summary_large_image\" \/>\n<meta name=\"twitter:label1\" content=\"Tiempo de lectura\" \/>\n\t<meta name=\"twitter:data1\" content=\"4 minutos\" \/>\n<script type=\"application\/ld+json\" class=\"yoast-schema-graph\">{\"@context\":\"https:\/\/schema.org\",\"@graph\":[{\"@type\":\"WebPage\",\"@id\":\"https:\/\/www.brasseurs-air-re2020.com\/es\/aviso-legal\/\",\"url\":\"https:\/\/www.brasseurs-air-re2020.com\/es\/aviso-legal\/\",\"name\":\"Aviso legal - Brasseurs Air RE2020\",\"isPartOf\":{\"@id\":\"https:\/\/www.brasseurs-air-re2020.com\/es\/#website\"},\"datePublished\":\"2026-02-09T15:55:45+00:00\",\"dateModified\":\"2026-02-09T15:55:47+00:00\",\"breadcrumb\":{\"@id\":\"https:\/\/www.brasseurs-air-re2020.com\/es\/aviso-legal\/#breadcrumb\"},\"inLanguage\":\"es\",\"potentialAction\":[{\"@type\":\"ReadAction\",\"target\":[\"https:\/\/www.brasseurs-air-re2020.com\/es\/aviso-legal\/\"]}]},{\"@type\":\"BreadcrumbList\",\"@id\":\"https:\/\/www.brasseurs-air-re2020.com\/es\/aviso-legal\/#breadcrumb\",\"itemListElement\":[{\"@type\":\"ListItem\",\"position\":1,\"name\":\"Brasseur d\u2019air\",\"item\":\"https:\/\/www.brasseurs-air-re2020.com\/es\/\"},{\"@type\":\"ListItem\",\"position\":2,\"name\":\"Aviso legal\"}]},{\"@type\":\"WebSite\",\"@id\":\"https:\/\/www.brasseurs-air-re2020.com\/es\/#website\",\"url\":\"https:\/\/www.brasseurs-air-re2020.com\/es\/\",\"name\":\"Brasseurs Air RE2020\",\"description\":\"\",\"publisher\":{\"@id\":\"https:\/\/www.brasseurs-air-re2020.com\/es\/#organization\"},\"potentialAction\":[{\"@type\":\"SearchAction\",\"target\":{\"@type\":\"EntryPoint\",\"urlTemplate\":\"https:\/\/www.brasseurs-air-re2020.com\/es\/?s={search_term_string}\"},\"query-input\":{\"@type\":\"PropertyValueSpecification\",\"valueRequired\":true,\"valueName\":\"search_term_string\"}}],\"inLanguage\":\"es\"},{\"@type\":\"Organization\",\"@id\":\"https:\/\/www.brasseurs-air-re2020.com\/es\/#organization\",\"name\":\"Brasseurs d'air RE2020\",\"url\":\"https:\/\/www.brasseurs-air-re2020.com\/es\/\",\"logo\":{\"@type\":\"ImageObject\",\"inLanguage\":\"es\",\"@id\":\"https:\/\/www.brasseurs-air-re2020.com\/es\/#\/schema\/logo\/image\/\",\"url\":\"https:\/\/www.brasseurs-air-re2020.com\/wp-content\/uploads\/2021\/12\/logo-brasseur-air-re-2020-new-01.png\",\"contentUrl\":\"https:\/\/www.brasseurs-air-re2020.com\/wp-content\/uploads\/2021\/12\/logo-brasseur-air-re-2020-new-01.png\",\"width\":200,\"height\":50,\"caption\":\"Brasseurs d'air RE2020\"},\"image\":{\"@id\":\"https:\/\/www.brasseurs-air-re2020.com\/es\/#\/schema\/logo\/image\/\"},\"sameAs\":[\"https:\/\/www.linkedin.com\/company\/brasseurs-d-air-re2020\/\"]}]}<\/script>\n<!-- \/ Yoast SEO plugin. -->","yoast_head_json":{"title":"Aviso legal - Brasseurs Air RE2020","robots":{"index":"noindex","follow":"nofollow"},"og_locale":"es_ES","og_type":"article","og_title":"Aviso legal - Brasseurs Air RE2020","og_description":"Aviso legalPropietario del sitio web y responsable de la publicaci\u00f3nSAS BRASSEURS D'AIRLa Noria 15, 806 route d'Antibes06410 BIOTFranciaRCS GRASSE - 909 184 970IVA FR88909184970Responsable de la publicaci\u00f3nPierre LacarriereAlojamiento del sitio webOVHDerechos de autorTodo este sitio est\u00e1 sujeto a la legislaci\u00f3n francesa sobre derechos de autor y propiedad intelectual. De conformidad con la ley del 11 [&hellip;]","og_url":"https:\/\/www.brasseurs-air-re2020.com\/es\/aviso-legal\/","og_site_name":"Brasseurs Air RE2020","article_modified_time":"2026-02-09T15:55:47+00:00","twitter_card":"summary_large_image","twitter_misc":{"Tiempo de lectura":"4 minutos"},"schema":{"@context":"https:\/\/schema.org","@graph":[{"@type":"WebPage","@id":"https:\/\/www.brasseurs-air-re2020.com\/es\/aviso-legal\/","url":"https:\/\/www.brasseurs-air-re2020.com\/es\/aviso-legal\/","name":"Aviso legal - Brasseurs Air RE2020","isPartOf":{"@id":"https:\/\/www.brasseurs-air-re2020.com\/es\/#website"},"datePublished":"2026-02-09T15:55:45+00:00","dateModified":"2026-02-09T15:55:47+00:00","breadcrumb":{"@id":"https:\/\/www.brasseurs-air-re2020.com\/es\/aviso-legal\/#breadcrumb"},"inLanguage":"es","potentialAction":[{"@type":"ReadAction","target":["https:\/\/www.brasseurs-air-re2020.com\/es\/aviso-legal\/"]}]},{"@type":"BreadcrumbList","@id":"https:\/\/www.brasseurs-air-re2020.com\/es\/aviso-legal\/#breadcrumb","itemListElement":[{"@type":"ListItem","position":1,"name":"Brasseur d\u2019air","item":"https:\/\/www.brasseurs-air-re2020.com\/es\/"},{"@type":"ListItem","position":2,"name":"Aviso legal"}]},{"@type":"WebSite","@id":"https:\/\/www.brasseurs-air-re2020.com\/es\/#website","url":"https:\/\/www.brasseurs-air-re2020.com\/es\/","name":"Brasseurs Air RE2020","description":"","publisher":{"@id":"https:\/\/www.brasseurs-air-re2020.com\/es\/#organization"},"potentialAction":[{"@type":"SearchAction","target":{"@type":"EntryPoint","urlTemplate":"https:\/\/www.brasseurs-air-re2020.com\/es\/?s={search_term_string}"},"query-input":{"@type":"PropertyValueSpecification","valueRequired":true,"valueName":"search_term_string"}}],"inLanguage":"es"},{"@type":"Organization","@id":"https:\/\/www.brasseurs-air-re2020.com\/es\/#organization","name":"Brasseurs d'air RE2020","url":"https:\/\/www.brasseurs-air-re2020.com\/es\/","logo":{"@type":"ImageObject","inLanguage":"es","@id":"https:\/\/www.brasseurs-air-re2020.com\/es\/#\/schema\/logo\/image\/","url":"https:\/\/www.brasseurs-air-re2020.com\/wp-content\/uploads\/2021\/12\/logo-brasseur-air-re-2020-new-01.png","contentUrl":"https:\/\/www.brasseurs-air-re2020.com\/wp-content\/uploads\/2021\/12\/logo-brasseur-air-re-2020-new-01.png","width":200,"height":50,"caption":"Brasseurs d'air RE2020"},"image":{"@id":"https:\/\/www.brasseurs-air-re2020.com\/es\/#\/schema\/logo\/image\/"},"sameAs":["https:\/\/www.linkedin.com\/company\/brasseurs-d-air-re2020\/"]}]}},"_links":{"self":[{"href":"https:\/\/www.brasseurs-air-re2020.com\/es\/wp-json\/wp\/v2\/pages\/17600","targetHints":{"allow":["GET"]}}],"collection":[{"href":"https:\/\/www.brasseurs-air-re2020.com\/es\/wp-json\/wp\/v2\/pages"}],"about":[{"href":"https:\/\/www.brasseurs-air-re2020.com\/es\/wp-json\/wp\/v2\/types\/page"}],"author":[{"embeddable":true,"href":"https:\/\/www.brasseurs-air-re2020.com\/es\/wp-json\/wp\/v2\/users\/1"}],"replies":[{"embeddable":true,"href":"https:\/\/www.brasseurs-air-re2020.com\/es\/wp-json\/wp\/v2\/comments?post=17600"}],"version-history":[{"count":2,"href":"https:\/\/www.brasseurs-air-re2020.com\/es\/wp-json\/wp\/v2\/pages\/17600\/revisions"}],"predecessor-version":[{"id":17602,"href":"https:\/\/www.brasseurs-air-re2020.com\/es\/wp-json\/wp\/v2\/pages\/17600\/revisions\/17602"}],"wp:attachment":[{"href":"https:\/\/www.brasseurs-air-re2020.com\/es\/wp-json\/wp\/v2\/media?parent=17600"}],"curies":[{"name":"wp","href":"https:\/\/api.w.org\/{rel}","templated":true}]}}